{"id":684,"date":"2025-11-02T20:48:53","date_gmt":"2025-11-02T20:48:53","guid":{"rendered":"https:\/\/montenegrinamci.me\/?page_id=684"},"modified":"2025-11-02T20:50:00","modified_gmt":"2025-11-02T20:50:00","slug":"disciplinska-komisija","status":"publish","type":"page","link":"https:\/\/montenegrinamci.me\/en\/disciplinska-komisija\/","title":{"rendered":"Disciplinary Committee"},"content":{"rendered":"<div class=\"brz brz-root__container brz-reset-all brz-root__container-page\" >\n<section id=\"llOQaoGBarn8_llOQaoGBarn8\" class=\"brz-section brz-css-17vlnd1 brz-css-tjt4ql\">\n<div class=\"brz-section__content brz-section--boxed brz-css-1b9ly97 brz-css-1xlkran\" data-brz-custom-id=\"t51hSmh3oywP\">\n<div class=\"brz-bg\">\n<div class=\"brz-bg-image\"><\/div>\n<div class=\"brz-bg-color\"><\/div>\n<\/div>\n<div class=\"brz-container brz-css-1er016o brz-css-1yajbnk\">\n<div id=\"\" class=\"brz-css-1ogxm8r brz-css-ey1h3p brz-wrapper\">\n<div class=\"brz-rich-text brz-rich-text__custom brz-css-1me62j1 brz-css-179411z\" data-brz-custom-id=\"sWIT0vWiMgs3\">\n<div data-brz-translate-text=\"1\">\n<p class=\"brz-fsft-lg-0 brz-fwdth-lg-100 brz-vfw-lg-400 brz-lh-lg-1_7 brz-ls-lg-0 brz-fw-lg-300 brz-fss-lg-px brz-fs-lg-40 brz-ft-google brz-ff-montserrat brz-tp-lg-empty brz-css-xDSmM\" data-uniq-id=\"f5z9s\" data-generated-css=\"brz-css-oABUK\"><span class=\"brz-cp-color3\" style=\"color: rgba(var(--brz-global-color3),1);\">Disciplinary Committee<\/span><\/p>\n<\/div>\n<\/div>\n<\/div>\n<\/div>\n<\/div>\n<\/section>\n<section id=\"zFYvGjrqUe97_zFYvGjrqUe97\" class=\"brz-section brz-css-1clqn7p brz-css-6qqkk6\">\n<div class=\"brz-section__content brz-section--boxed brz-css-hj8sia brz-css-kttebk\" data-brz-custom-id=\"f4YuF7BQfTEm\">\n<div class=\"brz-container brz-css-126rt4g brz-css-9h8dt0\">\n<div id=\"\" class=\"brz-css-8lh2dr brz-css-1f8d528 brz-wrapper\">\n<div class=\"brz-rich-text brz-rich-text__custom brz-css-1771l08 brz-css-7fksm8\" data-brz-custom-id=\"oBpUpuzFFCpg\">\n<div data-brz-translate-text=\"1\">\n<p class=\"brz-fsft-lg-0 brz-fwdth-lg-100 brz-vfw-lg-400 brz-lh-lg-1_7 brz-ls-lg-0 brz-fw-lg-400 brz-fss-lg-px brz-fs-lg-25 brz-ft-google brz-ff-montserrat brz-tp-lg-empty brz-css-jOxQp\" data-uniq-id=\"vjb6Q\" data-generated-css=\"brz-css-lSaM6\"><strong class=\"brz-bold-true brz-cp-color3\" style=\"color: rgba(var(--brz-global-color3),1);\">PRESIDENT<\/strong><\/p>\n<p class=\"brz-fsft-lg-0 brz-fwdth-lg-100 brz-vfw-lg-400 brz-lh-lg-1_7 brz-ls-lg-0 brz-fw-lg-400 brz-fss-lg-px brz-fs-lg-18 brz-ft-google brz-ff-montserrat brz-tp-lg-empty brz-css-evYHC\" data-uniq-id=\"hRW89\" data-generated-css=\"brz-css-e9eTG\"><span class=\"brz-cp-color2\" style=\"color: rgb(22, 22, 22);\">Pavle Dragovic<\/span><\/p>\n<p class=\"brz-tp-lg-empty brz-ff-montserrat brz-ft-google brz-fs-lg-18 brz-fss-lg-px brz-fw-lg-400 brz-ls-lg-0 brz-lh-lg-1_7 brz-vfw-lg-400 brz-fwdth-lg-100 brz-fsft-lg-0 brz-css-uqAEw\" data-uniq-id=\"tdy0H\" data-generated-css=\"brz-css-iyusu\"><\/p>\n<p class=\"brz-fsft-lg-0 brz-fwdth-lg-100 brz-vfw-lg-400 brz-lh-lg-1_7 brz-ls-lg-0 brz-fw-lg-400 brz-fss-lg-px brz-fs-lg-25 brz-ft-google brz-ff-montserrat brz-tp-lg-empty brz-css-clQa0\" data-uniq-id=\"cJlpQ\" data-generated-css=\"brz-css-ujWOr\"><strong class=\"brz-cp-color3\" style=\"color: rgba(var(--brz-global-color3),1);\">MEMBER<\/strong><\/p>\n<p class=\"brz-fs-lg-18 brz-fsft-lg-0 brz-fwdth-lg-100 brz-vfw-lg-400 brz-lh-lg-1_7 brz-ls-lg-0 brz-fw-lg-400 brz-fss-lg-px brz-ft-google brz-ff-montserrat brz-tp-lg-empty brz-css-wj979\" data-uniq-id=\"rEL96\" data-generated-css=\"brz-css-idbXg\"><span class=\"brz-cp-color2\" style=\"color: rgba(var(--brz-global-color2),1),rgb(22, 22, 22);\">Attorney Pavle Radonjic<\/span><\/p>\n<p class=\"brz-fsft-lg-0 brz-fwdth-lg-100 brz-vfw-lg-400 brz-lh-lg-1_7 brz-ls-lg-0 brz-fw-lg-400 brz-fss-lg-px brz-ft-google brz-ff-montserrat brz-tp-lg-empty brz-fs-lg-18 brz-css-l4ime\" data-uniq-id=\"bJuGW\" data-generated-css=\"brz-css-u7w5o\"><span class=\"brz-cp-color2\" style=\"color: rgb(22, 22, 22);\"> <\/span><\/p>\n<p class=\"brz-tp-lg-empty brz-ff-montserrat brz-ft-google brz-fs-lg-25 brz-fss-lg-px brz-fw-lg-400 brz-ls-lg-0 brz-lh-lg-1_7 brz-vfw-lg-400 brz-fwdth-lg-100 brz-fsft-lg-0 brz-css-ryDEo\" data-uniq-id=\"az11f\" data-generated-css=\"brz-css-alwkr\"><strong class=\"brz-cp-color3 brz-bold-true\" style=\"color: rgb(253, 184, 23);\">MEMBER<\/strong><strong class=\"brz-cp-color3 brz-bold-true\" style=\"color: rgba(var(--brz-global-color3),1);\"> <\/strong><\/p>\n<p class=\"brz-fsft-lg-0 brz-fwdth-lg-100 brz-vfw-lg-400 brz-lh-lg-1_7 brz-ls-lg-0 brz-fw-lg-400 brz-fss-lg-px brz-ft-google brz-ff-montserrat brz-tp-lg-empty brz-fs-lg-18 brz-css-kIiEz\" data-uniq-id=\"x0ICH\" data-generated-css=\"brz-css-c6FeM\">Dr. Ivan Vukcevic<\/p>\n<p class=\"brz-fsft-lg-0 brz-fwdth-lg-100 brz-vfw-lg-400 brz-lh-lg-1_7 brz-ls-lg-0 brz-fw-lg-400 brz-fss-lg-px brz-fs-lg-25 brz-ft-google brz-ff-montserrat brz-tp-lg-empty brz-css-akdTm\" data-uniq-id=\"gKygi\" data-generated-css=\"brz-css-kSGb4\"><\/p>\n<\/div>\n<\/div>\n<\/div>\n<\/div>\n<\/div>\n<\/section><\/div>\n<p><!-- version:1762116600 --><\/p>","protected":false},"excerpt":{"rendered":"<p>Disciplinska komisija PREDSJEDNIK Pavle Dragovi\u0107 \u010cLAN ADV Pavle Radonji\u0107 \u010cLAN DR Ivan Vuk\u010devi\u0107<\/p>","protected":false},"author":1,"featured_media":0,"parent":0,"menu_order":0,"comment_status":"closed","ping_status":"closed","template":"brizy-blank-template.php","meta":{"footnotes":""},"class_list":["post-684","page","type-page","status-publish","hentry"],"brizy_media":[],"_links":{"self":[{"href":"https:\/\/montenegrinamci.me\/en\/wp-json\/wp\/v2\/pages\/684","targetHints":{"allow":["GET"]}}],"collection":[{"href":"https:\/\/montenegrinamci.me\/en\/wp-json\/wp\/v2\/pages"}],"about":[{"href":"https:\/\/montenegrinamci.me\/en\/wp-json\/wp\/v2\/types\/page"}],"author":[{"embeddable":true,"href":"https:\/\/montenegrinamci.me\/en\/wp-json\/wp\/v2\/users\/1"}],"replies":[{"embeddable":true,"href":"https:\/\/montenegrinamci.me\/en\/wp-json\/wp\/v2\/comments?post=684"}],"version-history":[{"count":3,"href":"https:\/\/montenegrinamci.me\/en\/wp-json\/wp\/v2\/pages\/684\/revisions"}],"predecessor-version":[{"id":688,"href":"https:\/\/montenegrinamci.me\/en\/wp-json\/wp\/v2\/pages\/684\/revisions\/688"}],"wp:attachment":[{"href":"https:\/\/montenegrinamci.me\/en\/wp-json\/wp\/v2\/media?parent=684"}],"curies":[{"name":"wp","href":"https:\/\/api.w.org\/{rel}","templated":true}]}}