{"id":679,"date":"2025-11-02T20:47:05","date_gmt":"2025-11-02T20:47:05","guid":{"rendered":"https:\/\/montenegrinamci.me\/?page_id=679"},"modified":"2025-11-02T20:48:31","modified_gmt":"2025-11-02T20:48:31","slug":"tue-odbor","status":"publish","type":"page","link":"https:\/\/montenegrinamci.me\/en\/tue-odbor\/","title":{"rendered":"TUE Committee"},"content":{"rendered":"<div class=\"brz brz-root__container brz-reset-all brz-root__container-page\" >\n<section id=\"gt94O69tfpHY_gt94O69tfpHY\" class=\"brz-section brz-css-pfx1zq brz-css-1ipan8\">\n<div class=\"brz-section__content brz-section--boxed brz-css-sgo60i brz-css-1133gzp\" data-brz-custom-id=\"xiT8GzRP9o6Y\">\n<div class=\"brz-bg\">\n<div class=\"brz-bg-image\"><\/div>\n<div class=\"brz-bg-color\"><\/div>\n<\/div>\n<div class=\"brz-container brz-css-zg8jxu brz-css-g9fr0y\">\n<div id=\"\" class=\"brz-css-15szzvx brz-css-ab9yl2 brz-wrapper\">\n<div class=\"brz-rich-text brz-rich-text__custom brz-css-1lltkgw brz-css-1ht1jhu\" data-brz-custom-id=\"qrQWET0V22SD\">\n<div data-brz-translate-text=\"1\">\n<p class=\"brz-ls-lg-0 brz-lh-lg-1_7 brz-vfw-lg-400 brz-fwdth-lg-100 brz-fsft-lg-0 brz-tp-lg-empty brz-ff-montserrat brz-ft-google brz-fs-lg-40 brz-fss-lg-px brz-fw-lg-300 brz-css-t1GHm\" data-generated-css=\"brz-css-f_rHI\" data-uniq-id=\"wYYvo\"><span style=\"color: rgba(var(--brz-global-color3),1);\" class=\"brz-cp-color3\">TUE Committee<\/span><\/p>\n<\/div>\n<\/div>\n<\/div>\n<\/div>\n<\/div>\n<\/section>\n<section id=\"n7uHmB35gFwg_n7uHmB35gFwg\" class=\"brz-section brz-css-1a84dwv brz-css-flrwoc\">\n<div class=\"brz-section__content brz-section--boxed brz-css-143szf1 brz-css-mz8jso\" data-brz-custom-id=\"otz5V4fkuiM6\">\n<div class=\"brz-container brz-css-1b75mmg brz-css-lcjz4q\">\n<div id=\"\" class=\"brz-css-1h323s6 brz-css-po5vpp brz-wrapper\">\n<div class=\"brz-rich-text brz-rich-text__custom brz-css-h8h24j brz-css-875w7h\" data-brz-custom-id=\"qHppwU2yu8Vr\">\n<div data-brz-translate-text=\"1\">\n<p class=\"brz-tp-lg-empty brz-ff-montserrat brz-ft-google brz-fs-lg-25 brz-fss-lg-px brz-fw-lg-400 brz-ls-lg-0 brz-lh-lg-1_7 brz-vfw-lg-400 brz-fwdth-lg-100 brz-fsft-lg-0 brz-css-lgVBM\" data-generated-css=\"brz-css-jSs1o\" data-uniq-id=\"oCH_i\"><strong class=\"brz-cp-color3 brz-bold-true\" style=\"color: rgba(var(--brz-global-color3),1);\">PRESIDENT<\/strong><\/p>\n<p class=\"brz-tp-lg-empty brz-ff-montserrat brz-ft-google brz-fs-lg-18 brz-fss-lg-px brz-fw-lg-400 brz-ls-lg-0 brz-lh-lg-1_7 brz-vfw-lg-400 brz-fwdth-lg-100 brz-fsft-lg-0 brz-css-v1YyR\" data-generated-css=\"brz-css-bG1PE\" data-uniq-id=\"eEXMH\"><span class=\"brz-cp-color2\" style=\"color: rgb(22, 22, 22);\">Dr. Olga Vuli\u0107<\/span><\/p>\n<p class=\"brz-fsft-lg-0 brz-fwdth-lg-100 brz-vfw-lg-400 brz-lh-lg-1_7 brz-ls-lg-0 brz-fw-lg-400 brz-fss-lg-px brz-fs-lg-18 brz-ft-google brz-ff-montserrat brz-tp-lg-empty brz-css-gPAOZ\" data-generated-css=\"brz-css-wWGta\" data-uniq-id=\"zGuEN\"><\/p>\n<p class=\"brz-tp-lg-empty brz-ff-montserrat brz-ft-google brz-fs-lg-25 brz-fss-lg-px brz-fw-lg-400 brz-ls-lg-0 brz-lh-lg-1_7 brz-vfw-lg-400 brz-fwdth-lg-100 brz-fsft-lg-0 brz-css-eeD__\" data-generated-css=\"brz-css-yND9G\" data-uniq-id=\"imlna\"><strong class=\"brz-cp-color3\" style=\"color: rgba(var(--brz-global-color3),1);\">MEMBER<\/strong><\/p>\n<p class=\"brz-tp-lg-empty brz-ff-montserrat brz-ft-google brz-fss-lg-px brz-fw-lg-400 brz-ls-lg-0 brz-lh-lg-1_7 brz-vfw-lg-400 brz-fwdth-lg-100 brz-fsft-lg-0 brz-fs-lg-18 brz-css-c_g17\" data-generated-css=\"brz-css-iY4de\" data-uniq-id=\"kxW7R\"><span class=\"brz-cp-color2\" style=\"color: rgba(var(--brz-global-color2),1),rgb(22, 22, 22);\">Dr. Marko Lakovic<\/span><\/p>\n<p class=\"brz-tp-lg-empty brz-ff-montserrat brz-ft-google brz-fss-lg-px brz-fw-lg-400 brz-ls-lg-0 brz-lh-lg-1_7 brz-vfw-lg-400 brz-fwdth-lg-100 brz-fsft-lg-0 brz-fs-lg-18 brz-css-vFIg_\" data-generated-css=\"brz-css-uzr6G\" data-uniq-id=\"nZzZ9\"><span class=\"brz-cp-color2\" style=\"color: rgb(22, 22, 22);\"> <\/span><\/p>\n<p class=\"brz-tp-lg-empty brz-ff-montserrat brz-ft-google brz-fs-lg-25 brz-fss-lg-px brz-fw-lg-400 brz-ls-lg-0 brz-lh-lg-1_7 brz-vfw-lg-400 brz-fwdth-lg-100 brz-fsft-lg-0 brz-css-eJMr2\" data-generated-css=\"brz-css-vIQ_b\" data-uniq-id=\"oQBfD\"><strong class=\"brz-cp-color3\" style=\"color: rgb(253, 184, 23);\">MEMBER<\/strong><strong class=\"brz-cp-color3\" style=\"color: rgba(var(--brz-global-color3),1);\"> <\/strong><\/p>\n<p class=\"brz-fs-lg-18 brz-tp-lg-empty brz-ff-montserrat brz-ft-google brz-fss-lg-px brz-fw-lg-400 brz-ls-lg-0 brz-lh-lg-1_7 brz-vfw-lg-400 brz-fwdth-lg-100 brz-fsft-lg-0 brz-css-uNYRt\" data-generated-css=\"brz-css-znmk7\" data-uniq-id=\"fArPL\">Dr. Vladimir Milosevic<\/p>\n<p class=\"brz-tp-lg-empty brz-ff-montserrat brz-ft-google brz-fs-lg-25 brz-fss-lg-px brz-fw-lg-400 brz-ls-lg-0 brz-lh-lg-1_7 brz-vfw-lg-400 brz-fwdth-lg-100 brz-fsft-lg-0 brz-css-nE9yu\" data-generated-css=\"brz-css-cQRMr\" data-uniq-id=\"pOgZ_\"><\/p>\n<\/div>\n<\/div>\n<\/div>\n<\/div>\n<\/div>\n<\/section><\/div>\n<p><!-- version:1762116511 --><\/p>","protected":false},"excerpt":{"rendered":"<p>TUE odbor PREDSJEDNIK DR Olga Vuli\u0107 \u010cLAN DR Marko Lakovi\u0107 \u010cLAN DR Vladimir Milo\u0161evi\u0107<\/p>","protected":false},"author":1,"featured_media":0,"parent":0,"menu_order":0,"comment_status":"closed","ping_status":"closed","template":"brizy-blank-template.php","meta":{"footnotes":""},"class_list":["post-679","page","type-page","status-publish","hentry"],"brizy_media":[],"_links":{"self":[{"href":"https:\/\/montenegrinamci.me\/en\/wp-json\/wp\/v2\/pages\/679","targetHints":{"allow":["GET"]}}],"collection":[{"href":"https:\/\/montenegrinamci.me\/en\/wp-json\/wp\/v2\/pages"}],"about":[{"href":"https:\/\/montenegrinamci.me\/en\/wp-json\/wp\/v2\/types\/page"}],"author":[{"embeddable":true,"href":"https:\/\/montenegrinamci.me\/en\/wp-json\/wp\/v2\/users\/1"}],"replies":[{"embeddable":true,"href":"https:\/\/montenegrinamci.me\/en\/wp-json\/wp\/v2\/comments?post=679"}],"version-history":[{"count":3,"href":"https:\/\/montenegrinamci.me\/en\/wp-json\/wp\/v2\/pages\/679\/revisions"}],"predecessor-version":[{"id":683,"href":"https:\/\/montenegrinamci.me\/en\/wp-json\/wp\/v2\/pages\/679\/revisions\/683"}],"wp:attachment":[{"href":"https:\/\/montenegrinamci.me\/en\/wp-json\/wp\/v2\/media?parent=679"}],"curies":[{"name":"wp","href":"https:\/\/api.w.org\/{rel}","templated":true}]}}