{"id":663,"date":"2025-11-02T20:38:23","date_gmt":"2025-11-02T20:38:23","guid":{"rendered":"https:\/\/montenegrinamci.me\/?page_id=663"},"modified":"2025-11-02T20:43:02","modified_gmt":"2025-11-02T20:43:02","slug":"savjet","status":"publish","type":"page","link":"https:\/\/montenegrinamci.me\/en\/savjet\/","title":{"rendered":"Advice"},"content":{"rendered":"<div class=\"brz brz-root__container brz-reset-all brz-root__container-page\" >\n<section id=\"tn1UNcT71h3L_tn1UNcT71h3L\" class=\"brz-section brz-css-19gxscw brz-css-nrngej\">\n<div class=\"brz-section__content brz-section--boxed brz-css-1duj7lz brz-css-wnk1gp\" data-brz-custom-id=\"p3BAtThq0zvx\">\n<div class=\"brz-bg\">\n<div class=\"brz-bg-image\"><\/div>\n<div class=\"brz-bg-color\"><\/div>\n<\/div>\n<div class=\"brz-container brz-css-14ev30m brz-css-d09p2i\">\n<div id=\"\" class=\"brz-css-1jo3lom brz-css-mr102j brz-wrapper\">\n<div class=\"brz-rich-text brz-rich-text__custom brz-css-13fnvuv brz-css-880wou\" data-brz-custom-id=\"ifyGiAgRYbeZ\">\n<div data-brz-translate-text=\"1\">\n<p class=\"brz-tp-lg-empty brz-ff-montserrat brz-ft-google brz-fs-lg-40 brz-fss-lg-px brz-fw-lg-300 brz-ls-lg-0 brz-lh-lg-1_7 brz-vfw-lg-400 brz-fwdth-lg-100 brz-fsft-lg-0 brz-css-fNAXI\" data-generated-css=\"brz-css-uBxuK\" data-uniq-id=\"aUmj_\"><span style=\"color: rgba(var(--brz-global-color3),1);\" class=\"brz-cp-color3\">Advice<\/span><\/p>\n<\/div>\n<\/div>\n<\/div>\n<\/div>\n<\/div>\n<\/section>\n<section id=\"rHXpE976S1Tv_rHXpE976S1Tv\" class=\"brz-section brz-css-16tfzz brz-css-13ed2lg\">\n<div class=\"brz-section__content brz-section--boxed brz-css-k9fy7j brz-css-1of4zzg\" data-brz-custom-id=\"vWCeRGUaU5hE\">\n<div class=\"brz-container brz-css-6kxmwg brz-css-18eo75u\">\n<div id=\"\" class=\"brz-css-bi09aq brz-css-6m4uqc brz-wrapper\">\n<div class=\"brz-rich-text brz-rich-text__custom brz-css-2nfzex brz-css-185hzuv\" data-brz-custom-id=\"bGqx3lOHHF_A\">\n<div data-brz-translate-text=\"1\">\n<p class=\"brz-fsft-lg-0 brz-fwdth-lg-100 brz-vfw-lg-400 brz-lh-lg-1_7 brz-ls-lg-0 brz-fw-lg-400 brz-fss-lg-px brz-fs-lg-25 brz-ft-google brz-ff-montserrat brz-tp-lg-empty brz-css-yBr4h\" data-uniq-id=\"syM7J\" data-generated-css=\"brz-css-t88Il\"><strong class=\"brz-bold-true brz-cp-color3\" style=\"color: rgba(var(--brz-global-color3),1);\">PRESIDENT<\/strong><\/p>\n<p class=\"brz-fsft-lg-0 brz-fwdth-lg-100 brz-vfw-lg-400 brz-lh-lg-1_7 brz-ls-lg-0 brz-fw-lg-400 brz-fss-lg-px brz-fs-lg-18 brz-ft-google brz-ff-montserrat brz-tp-lg-empty brz-css-zbzfI\" data-uniq-id=\"jgeMA\" data-generated-css=\"brz-css-eN_Hf\"><span class=\"brz-cp-color2\" style=\"color: rgba(var(--brz-global-color2),1);\"> <\/span><span class=\"brz-cp-color2\" style=\"color: rgb(22, 22, 22);\">Dr. Aleksandar Kujovi\u0107 <\/span><\/p>\n<p class=\"brz-tp-lg-empty brz-ff-montserrat brz-ft-google brz-fs-lg-18 brz-fss-lg-px brz-fw-lg-400 brz-ls-lg-0 brz-lh-lg-1_7 brz-vfw-lg-400 brz-fwdth-lg-100 brz-fsft-lg-0 brz-css-oktIT\" data-uniq-id=\"x9R3F\" data-generated-css=\"brz-css-iWTpu\"><\/p>\n<p class=\"brz-fsft-lg-0 brz-fwdth-lg-100 brz-vfw-lg-400 brz-lh-lg-1_7 brz-ls-lg-0 brz-fw-lg-400 brz-fss-lg-px brz-fs-lg-25 brz-ft-google brz-ff-montserrat brz-tp-lg-empty brz-css-pAwXd\" data-uniq-id=\"koQdE\" data-generated-css=\"brz-css-lCla8\"><strong class=\"brz-cp-color3\" style=\"color: rgba(var(--brz-global-color3),1);\">MEMBER<\/strong><\/p>\n<p class=\"brz-fs-lg-18 brz-fsft-lg-0 brz-fwdth-lg-100 brz-vfw-lg-400 brz-lh-lg-1_7 brz-ls-lg-0 brz-fw-lg-400 brz-fss-lg-px brz-ft-google brz-ff-montserrat brz-tp-lg-empty brz-css-xMSX2\" data-uniq-id=\"jkTb5\" data-generated-css=\"brz-css-aziFa\"><span class=\"brz-cp-color2\" style=\"color: rgba(var(--brz-global-color2),1);\"> <\/span><span class=\"brz-cp-color2\" style=\"color: rgb(22, 22, 22);\">Dr. Aleksandar Radovic<\/span><\/p>\n<p class=\"brz-fs-lg-18 brz-fsft-lg-0 brz-fwdth-lg-100 brz-vfw-lg-400 brz-lh-lg-1_7 brz-ls-lg-0 brz-fw-lg-400 brz-fss-lg-px brz-ft-google brz-ff-montserrat brz-tp-lg-empty brz-css-ji6KI\" data-uniq-id=\"eVWyB\" data-generated-css=\"brz-css-nAIOB\"><span class=\"brz-cp-color2\" style=\"color: rgb(22, 22, 22);\"> <\/span><\/p>\n<p class=\"brz-fsft-lg-0 brz-fwdth-lg-100 brz-vfw-lg-400 brz-lh-lg-1_7 brz-ls-lg-0 brz-fw-lg-400 brz-fss-lg-px brz-fs-lg-25 brz-ft-google brz-ff-montserrat brz-tp-lg-empty brz-css-fFZFC\" data-uniq-id=\"pATzC\" data-generated-css=\"brz-css-lAApV\"><strong class=\"brz-cp-color3\" style=\"color: rgb(253, 184, 23);\">MEMBER<\/strong><strong class=\"brz-cp-color3\" style=\"color: rgba(var(--brz-global-color3),1);\"> <\/strong><\/p>\n<p class=\"brz-fsft-lg-0 brz-fwdth-lg-100 brz-vfw-lg-400 brz-lh-lg-1_7 brz-ls-lg-0 brz-fw-lg-400 brz-fss-lg-px brz-ft-google brz-ff-montserrat brz-tp-lg-empty brz-fs-lg-18 brz-css-zCxJi\" data-uniq-id=\"wamjB\" data-generated-css=\"brz-css-tmajg\">Jovanka Radicevic<\/p>\n<p class=\"brz-fsft-lg-0 brz-fwdth-lg-100 brz-vfw-lg-400 brz-lh-lg-1_7 brz-ls-lg-0 brz-fw-lg-400 brz-fss-lg-px brz-fs-lg-25 brz-ft-google brz-ff-montserrat brz-tp-lg-empty brz-css-wCwu0\" data-uniq-id=\"hkpFr\" data-generated-css=\"brz-css-e364S\"><\/p>\n<\/div>\n<\/div>\n<\/div>\n<\/div>\n<\/div>\n<\/section>\n<footer id=\"nZ7pgmawbE4e_nZ7pgmawbE4e\" class=\"brz-footer brz-css-eerpi brz-css-1c1llqk\" data-brz-custom-id=\"nZ7pgmawbE4e\">\n<div class=\"brz-bg\">\n<div class=\"brz-bg-color\"><\/div>\n<\/div>\n<div class=\"brz-container brz-css-s7hn06 brz-css-aaldmo\">\n<div class=\"brz-row__container brz-css-17dikct brz-css-o17d9z\" data-brz-custom-id=\"z7SE_WJuQ1Px\">\n<div class=\"brz-row brz-css-1ikf668 brz-css-ymztig\">\n<div class=\"brz-columns brz-css-8ahwob brz-css-ytndpk\" data-brz-custom-id=\"kR3XekmKg3WS\">\n<div class=\"brz-column__items brz-css-1cqzd1o brz-css-2dhy8v\">\n<div id=\"\" class=\"brz-css-5aazjm brz-css-1lhylqw brz-wrapper\">\n<div class=\"brz-menu__container brz-css-1suaay9 brz-css-yzwh5r\" data-mmenu-id=\"#gsFYhZGj2_CA_0a8a746b55683277cf4e\" data-mmenu-position=\"position-left\" data-mmenu-title=\"Main Menu\" data-mmenu-stickytitle=\"on\" data-mmenu-closingicon=\"%7B%22desktop%22%3A%22off%22%2C%22tablet%22%3A%22off%22%2C%22mobile%22%3A%22off%22%7D\" data-brz-custom-id=\"gsFYhZGj2_CA\">\n<nav data-mods=\"%7B%22desktop%22%3A%22horizontal%22%2C%22tablet%22%3A%22horizontal%22%2C%22mobile%22%3A%22horizontal%22%7D\" class=\"brz-menu brz-menu__preview brz-css-1s60kuu brz-css-rw8pw8\">\n<ul class=\"brz-menu__ul\" data-menu-items-active=\"\">\n<li data-menu-item-id=\"a56e3853f450551cf0ca155f591bfe9a\" class=\"brz-menu__item menu-item menu-item-type-post_type menu-item-object-page menu-item-home\"><a class=\"brz-a\" target=\"\" href=\"https:\/\/montenegrinamci.me\/en\/\" title=\"\"><span class=\"brz-span\">Home<\/span><\/a><\/li>\n<li data-menu-item-id=\"a1da24ad585d1c36b305acfeaff3e592\" class=\"brz-menu__item menu-item menu-item-type-post_type menu-item-object-page\"><a class=\"brz-a\" target=\"\" href=\"https:\/\/montenegrinamci.me\/en\/o-nama\/\" title=\"\"><span class=\"brz-span\">About us<\/span><\/a><\/li>\n<li data-menu-item-id=\"6fb68d993ab40db1e8b9d6397185e34b\" class=\"brz-menu__item menu-item menu-item-type-post_type menu-item-object-page\"><a class=\"brz-a\" target=\"\" href=\"https:\/\/montenegrinamci.me\/en\/vijesti\/\" title=\"\"><span class=\"brz-span\">News<\/span><\/a><\/li>\n<li data-menu-item-id=\"a1e73e816cc24da6dd293f591ae6af33\" class=\"brz-menu__item menu-item menu-item-type-post_type menu-item-object-page\"><a class=\"brz-a\" target=\"\" href=\"https:\/\/montenegrinamci.me\/en\/informacije\/\" title=\"\"><span class=\"brz-span\">Organization<\/span><\/a><\/li>\n<li data-menu-item-id=\"bf8c5a103b0148361121f96b432e873c\" class=\"brz-menu__item menu-item menu-item-type-custom menu-item-object-custom\"><a class=\"brz-a\" target=\"\" href=\"\/en\/\" title=\"\"><span class=\"brz-span\">Anti-doping<\/span><\/a>\n<ul class=\"brz-menu__sub-menu\">\n<li data-menu-item-id=\"5379ac43c535ba2bba868aa81ce2301d\" class=\"brz-menu__item menu-item menu-item-type-post_type menu-item-object-page\"><a class=\"brz-a\" target=\"\" href=\"https:\/\/montenegrinamci.me\/en\/prijavite-doping\/\" title=\"\"><span class=\"brz-span\">Report doping<\/span><\/a><\/li>\n<li data-menu-item-id=\"896fa4a4964880c302194c0936075991\" class=\"brz-menu__item menu-item menu-item-type-post_type menu-item-object-page\"><a class=\"brz-a\" target=\"\" href=\"https:\/\/montenegrinamci.me\/en\/doping-kontrola\/\" title=\"\"><span class=\"brz-span\">Doping control<\/span><\/a><\/li>\n<li data-menu-item-id=\"03a76c123a648d8ed4ff3b3ae04361c0\" class=\"brz-menu__item menu-item menu-item-type-post_type menu-item-object-page\"><a class=\"brz-a\" target=\"\" href=\"https:\/\/montenegrinamci.me\/en\/edukacije\/\" title=\"\"><span class=\"brz-span\">Education<\/span><\/a><\/li>\n<li data-menu-item-id=\"f1ed29593a9b046e5ba46d8668cca844\" class=\"brz-menu__item menu-item menu-item-type-post_type menu-item-object-page\"><a class=\"brz-a\" target=\"\" href=\"https:\/\/montenegrinamci.me\/en\/izuzeca-u-terapijske-svrhe\/\" title=\"\"><span class=\"brz-span\">Exemptions for therapeutic purposes<\/span><\/a><\/li>\n<li data-menu-item-id=\"f9d07d9fd2b86cb318c93c24171c1d46\" class=\"brz-menu__item menu-item menu-item-type-post_type menu-item-object-page\"><a class=\"brz-a\" target=\"\" href=\"https:\/\/montenegrinamci.me\/en\/lista-zabranjenih-sredstava\/\" title=\"\"><span class=\"brz-span\">List of prohibited substances<\/span><\/a><\/li>\n<li data-menu-item-id=\"e2f86a33f043fe662d65e0b2c0e7f547\" class=\"brz-menu__item menu-item menu-item-type-post_type menu-item-object-page\"><a class=\"brz-a\" target=\"\" href=\"https:\/\/montenegrinamci.me\/en\/registrovana-test-grupa\/\" title=\"\"><span class=\"brz-span\">Registered test group<\/span><\/a><\/li>\n<\/ul>\n<\/li>\n<li data-menu-item-id=\"9a17e073591bee08bea4501ed7a3c616\" class=\"brz-menu__item menu-item menu-item-type-post_type menu-item-object-page\"><a class=\"brz-a\" target=\"\" href=\"https:\/\/montenegrinamci.me\/en\/dokumenta\/\" title=\"\"><span class=\"brz-span\">Documents<\/span><\/a>\n<ul class=\"brz-menu__sub-menu\">\n<li data-menu-item-id=\"391020b63c35e4495ac368c105b87649\" class=\"brz-menu__item menu-item menu-item-type-custom menu-item-object-custom\"><a class=\"brz-a\" target=\"\" href=\"https:\/\/montenegrinamci.me\/en\/dokumenta\/#statut\" title=\"\"><span class=\"brz-span\">Statute<\/span><\/a><\/li>\n<li data-menu-item-id=\"e7b9cc069380b44830ff915db3b7149d\" class=\"brz-menu__item menu-item menu-item-type-custom menu-item-object-custom\"><a class=\"brz-a\" target=\"\" href=\"https:\/\/montenegrinamci.me\/en\/dokumenta\/#kodeks\" title=\"\"><span class=\"brz-span\">Codex<\/span><\/a><\/li>\n<li data-menu-item-id=\"6fc0fd631ab3130f76512b55d8ff528d\" class=\"brz-menu__item menu-item menu-item-type-custom menu-item-object-custom\"><a class=\"brz-a\" target=\"\" href=\"https:\/\/montenegrinamci.me\/en\/dokumenta\/#pravilnici\" title=\"\"><span class=\"brz-span\">Regulations<\/span><\/a><\/li>\n<li data-menu-item-id=\"3cc3dae79be455baf158b65707b31786\" class=\"brz-menu__item menu-item menu-item-type-custom menu-item-object-custom\"><a class=\"brz-a\" target=\"\" href=\"https:\/\/montenegrinamci.me\/en\/dokumenta\/#izvje\u0161taji\" title=\"\"><span class=\"brz-span\">Reports<\/span><\/a><\/li>\n<li data-menu-item-id=\"37cc4e9f97440d6db910d03b883c5515\" class=\"brz-menu__item menu-item menu-item-type-custom menu-item-object-custom\"><a class=\"brz-a\" target=\"\" href=\"https:\/\/montenegrinamci.me\/en\/dokumenta\/#odluke\" title=\"\"><span class=\"brz-span\">Decisions<\/span><\/a><\/li>\n<li data-menu-item-id=\"1d8e72d6dcb156b1681a6b4ebe6a87ab\" class=\"brz-menu__item menu-item menu-item-type-custom menu-item-object-custom\"><a class=\"brz-a\" target=\"\" href=\"https:\/\/montenegrinamci.me\/en\/dokumenta\/#me\u0111unarodnipravilnici\" title=\"\"><span class=\"brz-span\">International regulations<\/span><\/a><\/li>\n<li data-menu-item-id=\"8cbbab3488c77c902567a205a08cdc06\" class=\"brz-menu__item menu-item menu-item-type-custom menu-item-object-custom\"><a class=\"brz-a\" target=\"\" href=\"https:\/\/montenegrinamci.me\/en\/dokumenta\/#zakonospotu\" title=\"\"><span class=\"brz-span\">Sports Law<\/span><\/a><\/li>\n<li data-menu-item-id=\"9b502ab3418c9214825a1528a8471d03\" class=\"brz-menu__item menu-item menu-item-type-custom menu-item-object-custom\"><a class=\"brz-a\" target=\"\" href=\"https:\/\/montenegrinamci.me\/en\/dokumenta\/#kr\u0161enjeantidopingpravila\" title=\"\"><span class=\"brz-span\">Anti-doping rule violation<\/span><\/a><\/li>\n<li data-menu-item-id=\"69dd341611698c152363664ba3ca1163\" class=\"brz-menu__item menu-item menu-item-type-custom menu-item-object-custom\"><a class=\"brz-a\" target=\"\" href=\"https:\/\/montenegrinamci.me\/en\/dokumenta\/#ostalo\" title=\"\"><span class=\"brz-span\">Other<\/span><\/a><\/li>\n<\/ul>\n<\/li>\n<li data-menu-item-id=\"0abd11f4a4c7c98c33b1b23c4b773b16\" class=\"brz-menu__item menu-item menu-item-type-post_type menu-item-object-page\"><a class=\"brz-a\" target=\"\" href=\"https:\/\/montenegrinamci.me\/en\/kontakt\/\" title=\"\"><span class=\"brz-span\">Contact<\/span><\/a><\/li>\n<\/ul>\n<\/nav>\n<div class=\"brz-mm-menu__icon\" data-brz-brz-mmenu-icon=\"off\"><\/div>\n<nav data-mods=\"%7B%22desktop%22%3A%22horizontal%22%2C%22tablet%22%3A%22horizontal%22%2C%22mobile%22%3A%22horizontal%22%7D\" id=\"gsFYhZGj2_CA_0a8a746b55683277cf4e\" class=\"brz-menu brz-menu__preview brz-menu__mmenu brz-menu--has-dropdown brz-css-1leu92z brz-css-tfoa8v\">\n<ul class=\"brz-menu__ul\" data-menu-items-active=\"\">\n<li data-menu-item-id=\"a56e3853f450551cf0ca155f591bfe9a\" class=\"brz-menu__item menu-item menu-item-type-post_type menu-item-object-page menu-item-home\"><a class=\"brz-a\" target=\"\" href=\"https:\/\/montenegrinamci.me\/en\/\" title=\"\"><span class=\"brz-span\">Home<\/span><\/a><\/li>\n<li data-menu-item-id=\"a1da24ad585d1c36b305acfeaff3e592\" class=\"brz-menu__item menu-item menu-item-type-post_type menu-item-object-page\"><a class=\"brz-a\" target=\"\" href=\"https:\/\/montenegrinamci.me\/en\/o-nama\/\" title=\"\"><span class=\"brz-span\">About us<\/span><\/a><\/li>\n<li data-menu-item-id=\"6fb68d993ab40db1e8b9d6397185e34b\" class=\"brz-menu__item menu-item menu-item-type-post_type menu-item-object-page\"><a class=\"brz-a\" target=\"\" href=\"https:\/\/montenegrinamci.me\/en\/vijesti\/\" title=\"\"><span class=\"brz-span\">News<\/span><\/a><\/li>\n<li data-menu-item-id=\"a1e73e816cc24da6dd293f591ae6af33\" class=\"brz-menu__item menu-item menu-item-type-post_type menu-item-object-page\"><a class=\"brz-a\" target=\"\" href=\"https:\/\/montenegrinamci.me\/en\/informacije\/\" title=\"\"><span class=\"brz-span\">Organization<\/span><\/a><\/li>\n<li data-menu-item-id=\"bf8c5a103b0148361121f96b432e873c\" class=\"brz-menu__item menu-item menu-item-type-custom menu-item-object-custom\"><a class=\"brz-a\" target=\"\" href=\"\/en\/\" title=\"\"><span class=\"brz-span\">Anti-doping<\/span><\/a>\n<ul class=\"brz-menu__sub-menu\">\n<li data-menu-item-id=\"5379ac43c535ba2bba868aa81ce2301d\" class=\"brz-menu__item menu-item menu-item-type-post_type menu-item-object-page\"><a class=\"brz-a\" target=\"\" href=\"https:\/\/montenegrinamci.me\/en\/prijavite-doping\/\" title=\"\"><span class=\"brz-span\">Report doping<\/span><\/a><\/li>\n<li data-menu-item-id=\"896fa4a4964880c302194c0936075991\" class=\"brz-menu__item menu-item menu-item-type-post_type menu-item-object-page\"><a class=\"brz-a\" target=\"\" href=\"https:\/\/montenegrinamci.me\/en\/doping-kontrola\/\" title=\"\"><span class=\"brz-span\">Doping control<\/span><\/a><\/li>\n<li data-menu-item-id=\"03a76c123a648d8ed4ff3b3ae04361c0\" class=\"brz-menu__item menu-item menu-item-type-post_type menu-item-object-page\"><a class=\"brz-a\" target=\"\" href=\"https:\/\/montenegrinamci.me\/en\/edukacije\/\" title=\"\"><span class=\"brz-span\">Education<\/span><\/a><\/li>\n<li data-menu-item-id=\"f1ed29593a9b046e5ba46d8668cca844\" class=\"brz-menu__item menu-item menu-item-type-post_type menu-item-object-page\"><a class=\"brz-a\" target=\"\" href=\"https:\/\/montenegrinamci.me\/en\/izuzeca-u-terapijske-svrhe\/\" title=\"\"><span class=\"brz-span\">Exemptions for therapeutic purposes<\/span><\/a><\/li>\n<li data-menu-item-id=\"f9d07d9fd2b86cb318c93c24171c1d46\" class=\"brz-menu__item menu-item menu-item-type-post_type menu-item-object-page\"><a class=\"brz-a\" target=\"\" href=\"https:\/\/montenegrinamci.me\/en\/lista-zabranjenih-sredstava\/\" title=\"\"><span class=\"brz-span\">List of prohibited substances<\/span><\/a><\/li>\n<li data-menu-item-id=\"e2f86a33f043fe662d65e0b2c0e7f547\" class=\"brz-menu__item menu-item menu-item-type-post_type menu-item-object-page\"><a class=\"brz-a\" target=\"\" href=\"https:\/\/montenegrinamci.me\/en\/registrovana-test-grupa\/\" title=\"\"><span class=\"brz-span\">Registered test group<\/span><\/a><\/li>\n<\/ul>\n<\/li>\n<li data-menu-item-id=\"9a17e073591bee08bea4501ed7a3c616\" class=\"brz-menu__item menu-item menu-item-type-post_type menu-item-object-page\"><a class=\"brz-a\" target=\"\" href=\"https:\/\/montenegrinamci.me\/en\/dokumenta\/\" title=\"\"><span class=\"brz-span\">Documents<\/span><\/a>\n<ul class=\"brz-menu__sub-menu\">\n<li data-menu-item-id=\"391020b63c35e4495ac368c105b87649\" class=\"brz-menu__item menu-item menu-item-type-custom menu-item-object-custom\"><a class=\"brz-a\" target=\"\" href=\"https:\/\/montenegrinamci.me\/en\/dokumenta\/#statut\" title=\"\"><span class=\"brz-span\">Statute<\/span><\/a><\/li>\n<li data-menu-item-id=\"e7b9cc069380b44830ff915db3b7149d\" class=\"brz-menu__item menu-item menu-item-type-custom menu-item-object-custom\"><a class=\"brz-a\" target=\"\" href=\"https:\/\/montenegrinamci.me\/en\/dokumenta\/#kodeks\" title=\"\"><span class=\"brz-span\">Codex<\/span><\/a><\/li>\n<li data-menu-item-id=\"6fc0fd631ab3130f76512b55d8ff528d\" class=\"brz-menu__item menu-item menu-item-type-custom menu-item-object-custom\"><a class=\"brz-a\" target=\"\" href=\"https:\/\/montenegrinamci.me\/en\/dokumenta\/#pravilnici\" title=\"\"><span class=\"brz-span\">Regulations<\/span><\/a><\/li>\n<li data-menu-item-id=\"3cc3dae79be455baf158b65707b31786\" class=\"brz-menu__item menu-item menu-item-type-custom menu-item-object-custom\"><a class=\"brz-a\" target=\"\" href=\"https:\/\/montenegrinamci.me\/en\/dokumenta\/#izvje\u0161taji\" title=\"\"><span class=\"brz-span\">Reports<\/span><\/a><\/li>\n<li data-menu-item-id=\"37cc4e9f97440d6db910d03b883c5515\" class=\"brz-menu__item menu-item menu-item-type-custom menu-item-object-custom\"><a class=\"brz-a\" target=\"\" href=\"https:\/\/montenegrinamci.me\/en\/dokumenta\/#odluke\" title=\"\"><span class=\"brz-span\">Decisions<\/span><\/a><\/li>\n<li data-menu-item-id=\"1d8e72d6dcb156b1681a6b4ebe6a87ab\" class=\"brz-menu__item menu-item menu-item-type-custom menu-item-object-custom\"><a class=\"brz-a\" target=\"\" href=\"https:\/\/montenegrinamci.me\/en\/dokumenta\/#me\u0111unarodnipravilnici\" title=\"\"><span class=\"brz-span\">International regulations<\/span><\/a><\/li>\n<li data-menu-item-id=\"8cbbab3488c77c902567a205a08cdc06\" class=\"brz-menu__item menu-item menu-item-type-custom menu-item-object-custom\"><a class=\"brz-a\" target=\"\" href=\"https:\/\/montenegrinamci.me\/en\/dokumenta\/#zakonospotu\" title=\"\"><span class=\"brz-span\">Sports Law<\/span><\/a><\/li>\n<li data-menu-item-id=\"9b502ab3418c9214825a1528a8471d03\" class=\"brz-menu__item menu-item menu-item-type-custom menu-item-object-custom\"><a class=\"brz-a\" target=\"\" href=\"https:\/\/montenegrinamci.me\/en\/dokumenta\/#kr\u0161enjeantidopingpravila\" title=\"\"><span class=\"brz-span\">Anti-doping rule violation<\/span><\/a><\/li>\n<li data-menu-item-id=\"69dd341611698c152363664ba3ca1163\" class=\"brz-menu__item menu-item menu-item-type-custom menu-item-object-custom\"><a class=\"brz-a\" target=\"\" href=\"https:\/\/montenegrinamci.me\/en\/dokumenta\/#ostalo\" title=\"\"><span class=\"brz-span\">Other<\/span><\/a><\/li>\n<\/ul>\n<\/li>\n<li data-menu-item-id=\"0abd11f4a4c7c98c33b1b23c4b773b16\" class=\"brz-menu__item menu-item menu-item-type-post_type menu-item-object-page\"><a class=\"brz-a\" target=\"\" href=\"https:\/\/montenegrinamci.me\/en\/kontakt\/\" title=\"\"><span class=\"brz-span\">Contact<\/span><\/a><\/li>\n<\/ul>\n<\/nav>\n<\/div>\n<\/div>\n<\/div>\n<\/div>\n<\/div>\n<\/div>\n<div class=\"brz-row__container brz-css-17dikct brz-css-5frd3g\" data-brz-custom-id=\"xbe5DhRuDRwR\">\n<div class=\"brz-bg\"><\/div>\n<div class=\"brz-row brz-css-1ikf668 brz-css-hhsgvx\">\n<div class=\"brz-columns brz-css-8ahwob brz-css-xc46hz\" data-brz-custom-id=\"ca9voPwCEoU0\">\n<div class=\"brz-column__items brz-css-1cqzd1o brz-css-mfokps\">\n<div id=\"\" class=\"brz-css-5aazjm brz-css-g9bl8n brz-wrapper\">\n<div class=\"brz-rich-text brz-rich-text__custom brz-css-1o3jp31 brz-css-1i176a1\" data-brz-custom-id=\"z51FuQjdKPMn\">\n<div data-brz-translate-text=\"1\">\n<p class=\"brz-text-sm-left brz-text-lg-center brz-fw-sm-300 brz-lh-xs-1_7 brz-fw-xs-300 brz-text-xs-center brz-lh-sm-1_7 brz-fs-xs-14 brz-fs-sm-13 brz-tp-lg-paragraph brz-css-rlOr3\" data-uniq-id=\"qYa21\" data-generated-css=\"brz-css-jTrpQ\">&#8230;&#8230;<\/p>\n<\/div>\n<\/div>\n<\/div>\n<\/div>\n<\/div>\n<div class=\"brz-columns brz-css-8ahwob brz-css-1l1kut2\" data-brz-custom-id=\"mAsQEDQTSP5b\">\n<div class=\"brz-column__items brz-css-1cqzd1o brz-css-1vnqxyk\">\n<div id=\"\" class=\"brz-css-5aazjm brz-css-eneyqw brz-wrapper\">\n<div class=\"brz-image brz-css-rs2dub brz-css-kjafj2\" data-brz-custom-id=\"aRrs_Hp3LWZN\"><picture class=\"brz-picture brz-d-block brz-p-relative brz-css-1nml7s3 brz-css-c4vwex\"><source srcset=\"https:\/\/montenegrinamci.me\/wp-content\/uploads\/2025\/09\/logo_white.png 1x, https:\/\/montenegrinamci.me\/wp-content\/uploads\/2025\/09\/logo_white.png 2x\" media=\"(min-width: 992px)\"><source srcset=\"https:\/\/montenegrinamci.me\/wp-content\/uploads\/2025\/09\/logo_white.png 1x, https:\/\/montenegrinamci.me\/wp-content\/uploads\/2025\/09\/logo_white.png 2x\" media=\"(min-width: 768px)\"><img decoding=\"async\" class=\"brz-img\" srcset=\"https:\/\/montenegrinamci.me\/wp-content\/uploads\/2025\/09\/logo_white.png 1x, https:\/\/montenegrinamci.me\/wp-content\/uploads\/2025\/09\/logo_white.png 2x\" src=\"https:\/\/montenegrinamci.me\/wp-content\/uploads\/2025\/09\/logo_white.png\" loading=\"lazy\" alt=\"\" title=\"logo_white\" draggable=\"false\"><\/picture><\/div>\n<\/div>\n<\/div>\n<\/div>\n<div class=\"brz-columns brz-css-8ahwob brz-css-qrwdm1\" data-brz-custom-id=\"ck2jhI6zTPJb\">\n<div class=\"brz-column__items brz-css-1cqzd1o brz-css-cbsgdg\">\n<div class=\"brz-wrapper-clone brz-flex-xs-wrap brz-css-16y97ew brz-css-1kmgljs\" data-brz-custom-id=\"xjCeWfAYySwO\">\n<div class=\"brz-icon__container\" data-brz-custom-id=\"wEMJOqdq9Cn4\"><a class=\"brz-a\" href=\"#\" target=\"_blank\" rel=\"noopener noreferrer\" data-brz-link-type=\"external\"><span class=\"brz-icon brz-span brz-css-4kmh7s brz-css-eq90m7\"><svg class=\"brz-icon-svg align-[initial]\"><use href=\"\/wp-content\/plugins\/brizy\/public\/editor-build\/prod\/editor\/icons\/glyph\/logo-facebook.svg#nc_icon\"><\/use><\/svg><\/span><\/a><\/div>\n<div class=\"brz-icon__container\" data-brz-custom-id=\"gP2W67djB5xb\"><a class=\"brz-a\" href=\"#\" target=\"_blank\" rel=\"noopener noreferrer\" data-brz-link-type=\"external\"><span class=\"brz-icon brz-span brz-css-4kmh7s brz-css-4059o1\"><svg class=\"brz-icon-svg align-[initial]\"><use href=\"\/wp-content\/plugins\/brizy\/public\/editor-build\/prod\/editor\/icons\/glyph\/logo-instagram.svg#nc_icon\"><\/use><\/svg><\/span><\/a><\/div>\n<\/div>\n<\/div>\n<\/div>\n<\/div>\n<\/div>\n<div id=\"\" class=\"brz-css-5aazjm brz-css-1bkfqr9 brz-wrapper\">\n<div class=\"brz-rich-text brz-rich-text__custom brz-css-1o3jp31 brz-css-4j8cxt\" data-brz-custom-id=\"fSNuxQJj9MQU\">\n<div data-brz-translate-text=\"1\">\n<p class=\"brz-tp-lg-heading6 brz-text-lg-center brz-css-aDifc\" data-uniq-id=\"gOvcY\" data-generated-css=\"brz-css-kvUmA\"><span class=\"brz-cp-color8\" style=\"opacity: 0.7;\">\u00a9 All Rights Reserved 2025 <\/span><\/p>\n<\/div>\n<\/div>\n<\/div>\n<\/div>\n<\/footer><\/div>\n<p><!-- version:1762116182 --><\/p>","protected":false},"excerpt":{"rendered":"<p>Savjet PREDSJEDNIK DR Aleksandar Kujovi\u0107 \u010cLAN DR Aleksandar Radovi\u0107 \u010cLAN Jovanka Radi\u010devi\u0107 Po\u010detna O nama Vijesti Organizacija Antidoping Prijavite doping Doping kontrola Edukacije Izuze\u0107a u terapijske svrhe Lista zabranjenih sredstava Registrovana test grupa Dokumenta Statut Kodeks Pravilnici Izvje\u0161taji Odluke Me\u0111junarodni pravilnici Zakon o sportu Kr\u0161enje antidoping pravila Ostalo Kontakt Po\u010detna O nama Vijesti Organizacija Antidoping [&hellip;]<\/p>","protected":false},"author":1,"featured_media":0,"parent":0,"menu_order":0,"comment_status":"closed","ping_status":"closed","template":"brizy-blank-template.php","meta":{"footnotes":""},"class_list":["post-663","page","type-page","status-publish","hentry"],"brizy_media":[{"id":453,"url":"https:\/\/montenegrinamci.me\/wp-content\/uploads\/2025\/10\/user-people-network-circuit-board-link-connection-technology-scaled.jpg","name":"user-people-network-circuit-board-link-connection-technology.jpg","meta":{"brizy_attachment_uid":"wp-38603abbc96fc7ec0ac867ab6905757d.jpg","brizy_post_uid":["9604e1f6d83adfe4d31c12caeed2be55","af3561121ae97ad3e393fb75b610c735"]}}],"_links":{"self":[{"href":"https:\/\/montenegrinamci.me\/en\/wp-json\/wp\/v2\/pages\/663","targetHints":{"allow":["GET"]}}],"collection":[{"href":"https:\/\/montenegrinamci.me\/en\/wp-json\/wp\/v2\/pages"}],"about":[{"href":"https:\/\/montenegrinamci.me\/en\/wp-json\/wp\/v2\/types\/page"}],"author":[{"embeddable":true,"href":"https:\/\/montenegrinamci.me\/en\/wp-json\/wp\/v2\/users\/1"}],"replies":[{"embeddable":true,"href":"https:\/\/montenegrinamci.me\/en\/wp-json\/wp\/v2\/comments?post=663"}],"version-history":[{"count":4,"href":"https:\/\/montenegrinamci.me\/en\/wp-json\/wp\/v2\/pages\/663\/revisions"}],"predecessor-version":[{"id":669,"href":"https:\/\/montenegrinamci.me\/en\/wp-json\/wp\/v2\/pages\/663\/revisions\/669"}],"wp:attachment":[{"href":"https:\/\/montenegrinamci.me\/en\/wp-json\/wp\/v2\/media?parent=663"}],"curies":[{"name":"wp","href":"https:\/\/api.w.org\/{rel}","templated":true}]}}