{"id":495,"date":"2025-10-26T21:17:37","date_gmt":"2025-10-26T21:17:37","guid":{"rendered":"https:\/\/montenegrinamci.me\/?page_id=495"},"modified":"2025-10-26T22:21:14","modified_gmt":"2025-10-26T22:21:14","slug":"registrovana-test-grupa","status":"publish","type":"page","link":"https:\/\/montenegrinamci.me\/en\/registrovana-test-grupa\/","title":{"rendered":"Registered test group"},"content":{"rendered":"<div class=\"brz brz-root__container brz-reset-all brz-root__container-page\" >\n<section id=\"wANt0fZVyfuq_wANt0fZVyfuq\" class=\"brz-section brz-css-1n2shvj brz-css-aauoy7\">\n<div class=\"brz-section__content brz-section--boxed brz-css-t70fen brz-css-99cc4d\" data-brz-custom-id=\"nvLVKbBeYS96\">\n<div class=\"brz-bg\">\n<div class=\"brz-bg-image\"><\/div>\n<div class=\"brz-bg-color\"><\/div>\n<\/div>\n<div class=\"brz-container brz-css-1j5uljt brz-css-16e0qfk\">\n<div id=\"\" class=\"brz-css-5cf5br brz-css-vpjr1 brz-wrapper\">\n<div class=\"brz-rich-text brz-rich-text__custom brz-css-7dq3cz brz-css-1fj04ps\" data-brz-custom-id=\"j2q5hlhc0kkZ\">\n<div data-brz-translate-text=\"1\">\n<p class=\"brz-ft-google brz-fs-lg-40 brz-fss-lg-px brz-fw-lg-300 brz-ls-lg-0 brz-lh-lg-1_7 brz-vfw-lg-400 brz-fwdth-lg-100 brz-fsft-lg-0 brz-tp-lg-empty brz-ff-montserrat brz-css-gUb3g\" data-uniq-id=\"lWMTG\" data-generated-css=\"brz-css-fAH2E\"><span class=\"brz-cp-color3\" style=\"color: rgba(var(--brz-global-color3),1);\">Registered test group<\/span><\/p>\n<\/div>\n<\/div>\n<\/div>\n<\/div>\n<\/div>\n<\/section>\n<section id=\"tVNYuDfaIIrM_tVNYuDfaIIrM\" class=\"brz-section brz-css-11hdb6w brz-css-13khrvs\">\n<div class=\"brz-section__content brz-section--boxed brz-css-7y7nkf brz-css-qg255z\" data-brz-custom-id=\"w77NjYcfLyhU\">\n<div class=\"brz-bg\">\n<div class=\"brz-bg-color\"><\/div>\n<\/div>\n<div class=\"brz-container brz-css-14eul7r brz-css-117mdgv\">\n<div id=\"\" class=\"brz-css-ar3pxe brz-css-ypei60 brz-wrapper\">\n<div class=\"brz-rich-text brz-rich-text__custom brz-css-10c8ujk brz-css-1jic7xo\" data-brz-custom-id=\"lEk3Q5uCmcsK\">\n<div data-brz-translate-text=\"1\">\n<p class=\"brz-fss-lg-px brz-fw-lg-400 brz-ls-lg-0 brz-lh-lg-1_7 brz-vfw-lg-400 brz-fwdth-lg-100 brz-fsft-lg-0 brz-tp-lg-empty brz-ff-montserrat brz-ft-google brz-fs-lg-18 brz-css-t_mgU\" data-generated-css=\"brz-css-xbklJ\" data-uniq-id=\"dDzl0\"><span class=\"brz-cp-color2\" style=\"color: rgba(var(--brz-global-color2),1);\">Registrovana test grupa se osniva radi planiranja i sprovo\u0111enja doping kontrole van takmi\u010denja i preventivnog djelovanja,&nbsp;&nbsp;uzimaju\u0107i u obzir procjenu rizika i tzv. inteligentno testiranje. RTG se sastoji od sportista najvi\u0161eg ranga, koji \u0107e biti testirani u okviru planiranog rasporeda testiranja, i koji su obavezni da u ADAMS unose podatke o lokaciji. Sportisti se, osim u nacionalnoj RTG mogu&nbsp;nalaziti i u RTG svog me\u0111unarodnog saveza u odre\u0111enom sportu.<\/span><\/p>\n<p class=\"brz-fss-lg-px brz-fw-lg-400 brz-ls-lg-0 brz-lh-lg-1_7 brz-vfw-lg-400 brz-fwdth-lg-100 brz-fsft-lg-0 brz-tp-lg-empty brz-ff-montserrat brz-ft-google brz-fs-lg-18 brz-css-pokBm\" data-generated-css=\"brz-css-nYmja\" data-uniq-id=\"m2TYM\"><span class=\"brz-cp-color2\" style=\"color: rgba(var(--brz-global-color2),1);\">U skladu sa WADA Me\u0111unarodnim standardom za testiranje i istrage, svaki sportista iz nacionalne RTG je du\u017ean da kroz ADAMS unosi obavje\u0161tenje o svojoj lokaciji svaka tri mjeseca, da a\u017eurira te informacije po potrebi tako da budu ta\u010dne i potpune u svakom trenutku, i da bude dostupan za testiranje na navedenoj lokaciji.<\/span><\/p>\n<p class=\"brz-fss-lg-px brz-fw-lg-400 brz-ls-lg-0 brz-lh-lg-1_7 brz-vfw-lg-400 brz-fwdth-lg-100 brz-fsft-lg-0 brz-tp-lg-empty brz-ff-montserrat brz-ft-google brz-fs-lg-18 brz-css-fmH3w\" data-generated-css=\"brz-css-lendn\" data-uniq-id=\"ozF9Z\"><span class=\"brz-cp-color2\" style=\"color: rgba(var(--brz-global-color2),1);\"> <\/span><\/p>\n<p class=\"brz-fss-lg-px brz-fw-lg-400 brz-ls-lg-0 brz-lh-lg-1_7 brz-vfw-lg-400 brz-fwdth-lg-100 brz-fsft-lg-0 brz-tp-lg-empty brz-ff-montserrat brz-ft-google brz-fs-lg-18 brz-css-lHmbq\" data-generated-css=\"brz-css-bH0p3\" data-uniq-id=\"jSfTn\"><span class=\"brz-cp-color2\" style=\"color: rgba(var(--brz-global-color2),1);\"> <\/span><\/p>\n<p class=\"brz-fss-lg-px brz-fw-lg-400 brz-ls-lg-0 brz-lh-lg-1_7 brz-vfw-lg-400 brz-fwdth-lg-100 brz-fsft-lg-0 brz-tp-lg-empty brz-ff-montserrat brz-ft-google brz-fs-lg-18 brz-css-qQuIA\" data-generated-css=\"brz-css-nCXyR\" data-uniq-id=\"yPi4X\"><a class=\"link--upload brz-cp-color3\" style=\"color: rgba(var(--brz-global-color3),1);\" href=\"https:\/\/montenegrinamci.me\/wp-content\/uploads\/2025\/10\/ZA-SAJT_nacionalna-RTG_nacionalna-TG.docx\" data-brz-link-type=\"upload\">1. Nacionalna RTG_nacionalna TG<\/a><\/p>\n<p class=\"brz-fss-lg-px brz-fw-lg-400 brz-ls-lg-0 brz-lh-lg-1_7 brz-vfw-lg-400 brz-fwdth-lg-100 brz-fsft-lg-0 brz-tp-lg-empty brz-ff-montserrat brz-ft-google brz-fs-lg-18 brz-css-enedJ\" data-generated-css=\"brz-css-bPfo4\" data-uniq-id=\"b58xF\"><a class=\"link--upload brz-cp-color3\" style=\"color: rgba(var(--brz-global-color3),1);\" href=\"https:\/\/montenegrinamci.me\/wp-content\/uploads\/2025\/10\/ZA-SAJT_ADAMS-kratka-uputstva.docx\" data-brz-link-type=\"upload\">2. ADAMS \u2013 kratka uputstva<\/a><\/p>\n<p class=\"brz-fss-lg-px brz-fw-lg-400 brz-ls-lg-0 brz-lh-lg-1_7 brz-vfw-lg-400 brz-fwdth-lg-100 brz-fsft-lg-0 brz-tp-lg-empty brz-ff-montserrat brz-ft-google brz-fs-lg-18 brz-css-nf8wa\" data-generated-css=\"brz-css-diXrI\" data-uniq-id=\"sbSRU\"><a class=\"link--upload brz-cp-color3\" style=\"color: rgba(var(--brz-global-color3),1);\" href=\"https:\/\/montenegrinamci.me\/wp-content\/uploads\/2025\/10\/ZA-SAJT_Sta-je-ADAMS.docx\" data-brz-link-type=\"upload\">3. \u0160ta je ADAMS <\/a><\/p>\n<\/div>\n<\/div>\n<\/div>\n<\/div>\n<\/div>\n<\/section><\/div>\n<p><!-- version:1761517274 --><\/p>","protected":false},"excerpt":{"rendered":"<p>Registrovana test grupa Registrovana test grupa se osniva radi planiranja i sprovo\u0111enja doping kontrole van takmi\u010denja i preventivnog djelovanja,&nbsp;&nbsp;uzimaju\u0107i u obzir procjenu rizika i tzv. inteligentno testiranje. RTG se sastoji od sportista najvi\u0161eg ranga, koji \u0107e biti testirani u okviru planiranog rasporeda testiranja, i koji su obavezni da u ADAMS unose podatke o lokaciji. Sportisti [&hellip;]<\/p>","protected":false},"author":1,"featured_media":0,"parent":0,"menu_order":0,"comment_status":"closed","ping_status":"closed","template":"brizy-blank-template.php","meta":{"footnotes":""},"class_list":["post-495","page","type-page","status-publish","hentry"],"brizy_media":[],"_links":{"self":[{"href":"https:\/\/montenegrinamci.me\/en\/wp-json\/wp\/v2\/pages\/495","targetHints":{"allow":["GET"]}}],"collection":[{"href":"https:\/\/montenegrinamci.me\/en\/wp-json\/wp\/v2\/pages"}],"about":[{"href":"https:\/\/montenegrinamci.me\/en\/wp-json\/wp\/v2\/types\/page"}],"author":[{"embeddable":true,"href":"https:\/\/montenegrinamci.me\/en\/wp-json\/wp\/v2\/users\/1"}],"replies":[{"embeddable":true,"href":"https:\/\/montenegrinamci.me\/en\/wp-json\/wp\/v2\/comments?post=495"}],"version-history":[{"count":5,"href":"https:\/\/montenegrinamci.me\/en\/wp-json\/wp\/v2\/pages\/495\/revisions"}],"predecessor-version":[{"id":593,"href":"https:\/\/montenegrinamci.me\/en\/wp-json\/wp\/v2\/pages\/495\/revisions\/593"}],"wp:attachment":[{"href":"https:\/\/montenegrinamci.me\/en\/wp-json\/wp\/v2\/media?parent=495"}],"curies":[{"name":"wp","href":"https:\/\/api.w.org\/{rel}","templated":true}]}}