{"id":378,"date":"2025-10-24T00:20:28","date_gmt":"2025-10-24T00:20:28","guid":{"rendered":"https:\/\/montenegrinamci.me\/?page_id=378"},"modified":"2025-10-26T22:22:01","modified_gmt":"2025-10-26T22:22:01","slug":"izuzeca-u-terapijske-svrhe","status":"publish","type":"page","link":"https:\/\/montenegrinamci.me\/en\/izuzeca-u-terapijske-svrhe\/","title":{"rendered":"Exemptions for therapeutic purposes"},"content":{"rendered":"<div class=\"brz brz-root__container brz-reset-all brz-root__container-page\" >\n<section id=\"fLuJxWTrbyKW_fLuJxWTrbyKW\" class=\"brz-section brz-css-mi2325 brz-css-1uycwlb\">\n<div class=\"brz-section__content brz-section--boxed brz-css-7sdznc brz-css-15vzvht\" data-brz-custom-id=\"cOaoCMlBKzPc\">\n<div class=\"brz-bg\">\n<div class=\"brz-bg-image\"><\/div>\n<div class=\"brz-bg-color\"><\/div>\n<\/div>\n<div class=\"brz-container brz-css-1wt1v0y brz-css-6tsgmr\">\n<div id=\"\" class=\"brz-css-izx6jo brz-css-7fqv6y brz-wrapper\">\n<div class=\"brz-rich-text brz-rich-text__custom brz-css-128ppyj brz-css-6kmn7n\" data-brz-custom-id=\"kBFQ6bcDTQ4g\">\n<div data-brz-translate-text=\"1\">\n<p class=\"brz-ft-google brz-fs-lg-40 brz-fss-lg-px brz-fw-lg-300 brz-ls-lg-0 brz-lh-lg-1_7 brz-vfw-lg-400 brz-fwdth-lg-100 brz-fsft-lg-0 brz-tp-lg-empty brz-ff-montserrat brz-css-acZEO\" data-uniq-id=\"f0Mzb\" data-generated-css=\"brz-css-ncwLj\"><span style=\"color: rgba(var(--brz-global-color3),1);\" class=\"brz-cp-color3\">Exemptions for therapeutic purposes<\/span><\/p>\n<\/div>\n<\/div>\n<\/div>\n<\/div>\n<\/div>\n<\/section>\n<section id=\"boCQ0CsF2JDu_boCQ0CsF2JDu\" class=\"brz-section brz-css-1dv19kf brz-css-1kbtejb\">\n<div class=\"brz-section__content brz-section--boxed brz-css-x9ynz6 brz-css-1kr6a0h\" data-brz-custom-id=\"g3RFLJimcjy8\">\n<div class=\"brz-bg\">\n<div class=\"brz-bg-color\"><\/div>\n<\/div>\n<div class=\"brz-container brz-css-wzxiqo brz-css-jrqr61\">\n<div id=\"\" class=\"brz-css-1huxvnf brz-css-1e5rqbi brz-wrapper\">\n<div class=\"brz-rich-text brz-rich-text__custom brz-css-1gmjlez brz-css-1ltfvj1\" data-brz-custom-id=\"puifyfka1H4W\">\n<div data-brz-translate-text=\"1\">\n<p class=\"brz-ft-google brz-fs-lg-18 brz-fss-lg-px brz-fw-lg-400 brz-ls-lg-0 brz-lh-lg-1_7 brz-vfw-lg-400 brz-fwdth-lg-100 brz-fsft-lg-0 brz-tp-lg-empty brz-ff-montserrat brz-css-qsQ1O\" data-uniq-id=\"g421T\" data-generated-css=\"brz-css-qRSE3\"><span class=\"brz-cp-color2\" style=\"color: rgba(var(--brz-global-color2),1);\">Therapeutic Use Exemptions (TUEs) allow athletes to use certain substances and\/or methods from the Prohibited List for the current year, for the purpose of treating certain diseases and medical conditions.<\/span><\/p>\n<p class=\"brz-ft-google brz-fs-lg-18 brz-fss-lg-px brz-fw-lg-400 brz-ls-lg-0 brz-lh-lg-1_7 brz-vfw-lg-400 brz-fwdth-lg-100 brz-fsft-lg-0 brz-tp-lg-empty brz-ff-montserrat brz-css-kRkmH\" data-uniq-id=\"aaYZQ\" data-generated-css=\"brz-css-c3sZ1\"><span class=\"brz-cp-color2\" style=\"color: rgba(var(--brz-global-color2),1);\">The use of prohibited substances and\/or methods on the Prohibited List, i.e. a Therapeutic Use Exemption (TUE), may be granted when there is a clear and necessary medical need (indication).<\/span><\/p>\n<p class=\"brz-ft-google brz-fs-lg-18 brz-fss-lg-px brz-fw-lg-400 brz-ls-lg-0 brz-lh-lg-1_7 brz-vfw-lg-400 brz-fwdth-lg-100 brz-fsft-lg-0 brz-tp-lg-empty brz-ff-montserrat brz-css-oQcr1\" data-uniq-id=\"jNLsF\" data-generated-css=\"brz-css-zhY_s\"><span class=\"brz-cp-color2\" style=\"color: rgba(var(--brz-global-color2),1);\">Therapeutic use exemptions are regulated by the International Standard for Therapeutic Use Exemptions.<\/span><\/p>\n<p class=\"brz-ft-google brz-fs-lg-18 brz-fss-lg-px brz-fw-lg-400 brz-ls-lg-0 brz-lh-lg-1_7 brz-vfw-lg-400 brz-fwdth-lg-100 brz-fsft-lg-0 brz-tp-lg-empty brz-ff-montserrat brz-css-pwq8i\" data-uniq-id=\"fC2rl\" data-generated-css=\"brz-css-nsy4C\"><span class=\"brz-cp-color2\" style=\"color: rgba(var(--brz-global-color2),1);\">The granting of TUEs is carried out in accordance with the WADA International Standard for Therapeutic Use Exemptions, the Anti-Doping Rules of Montenegro, the Commission&#039;s Therapeutic Use Exemptions Regulations, and the Prohibited List.<\/span><\/p>\n<p class=\"brz-ft-google brz-fs-lg-18 brz-fss-lg-px brz-fw-lg-400 brz-ls-lg-0 brz-lh-lg-1_7 brz-vfw-lg-400 brz-fwdth-lg-100 brz-fsft-lg-0 brz-tp-lg-empty brz-ff-montserrat brz-css-wgA70\" data-uniq-id=\"tRSCu\" data-generated-css=\"brz-css-k3PA3\"><span class=\"brz-cp-color2\" style=\"color: rgba(var(--brz-global-color2),1);\">Application for a therapeutic exemption is made through the Form for therapeutic exemptions.<\/span><\/p>\n<\/div>\n<\/div>\n<\/div>\n<div id=\"\" class=\"brz-css-1huxvnf brz-css-1kn608 brz-css-1op8uue brz-wrapper\">\n<div class=\"brz-spacer brz-css-7oujz4 brz-css-12f0n1q\"><\/div>\n<\/div>\n<div class=\"brz-row__container brz-css-1oiu072 brz-css-8mohwr\" data-brz-custom-id=\"lh_K7untpQb2\">\n<div class=\"brz-row brz-css-toj978 brz-css-te7sxp\">\n<div class=\"brz-columns brz-css-6lrfuc brz-css-qbokeo\" data-brz-custom-id=\"o013ZqxSK3Ay\">\n<div class=\"brz-column__items brz-css-19890sr brz-css-1q7kvl6\">\n<div id=\"\" class=\"brz-css-1huxvnf brz-css-1si9sh3 brz-wrapper\">\n<div class=\"brz-image brz-css-o2yxam brz-css-uf3bmv\" data-brz-custom-id=\"lcBZCvxvTUx1\"><picture class=\"brz-picture brz-d-block brz-p-relative brz-css-1qobz9r brz-css-167qlgr\"><source srcset=\"https:\/\/montenegrinamci.me\/wp-content\/uploads\/2025\/10\/freepik__talk__77110.png 1x, https:\/\/montenegrinamci.me\/wp-content\/uploads\/2025\/10\/freepik__talk__77110.png 2x\" media=\"(min-width: 992px)\"><source srcset=\"https:\/\/montenegrinamci.me\/wp-content\/uploads\/2025\/10\/freepik__talk__77110.png 1x, https:\/\/montenegrinamci.me\/wp-content\/uploads\/2025\/10\/freepik__talk__77110.png 2x\" media=\"(min-width: 768px)\"><img decoding=\"async\" class=\"brz-img\" srcset=\"https:\/\/montenegrinamci.me\/wp-content\/uploads\/2025\/10\/freepik__talk__77110.png 1x, https:\/\/montenegrinamci.me\/wp-content\/uploads\/2025\/10\/freepik__talk__77110.png 2x\" src=\"https:\/\/montenegrinamci.me\/wp-content\/uploads\/2025\/10\/freepik__talk__77110.png\" loading=\"lazy\" alt=\"\" title=\"freepik__talk__77110\" draggable=\"false\"><\/picture><\/div>\n<\/div>\n<div id=\"\" class=\"brz-css-1huxvnf brz-css-14tny76 brz-wrapper\">\n<div class=\"brz-rich-text brz-rich-text__custom brz-css-1gmjlez brz-css-d1v96b\" data-brz-custom-id=\"kfciSARq_QFh\">\n<div data-brz-translate-text=\"1\">\n<p class=\"brz-text-lg-center brz-fss-lg-px brz-fw-lg-300 brz-ls-lg-0 brz-lh-lg-1_7 brz-vfw-lg-400 brz-fwdth-lg-100 brz-fsft-lg-0 brz-tp-lg-empty brz-ff-montserrat brz-ft-google brz-fs-lg-40 brz-css-kdCah\" data-generated-css=\"brz-css-iqaGO\" data-uniq-id=\"xqerc\"><span class=\"brz-cp-color3\" style=\"color: rgba(var(--brz-global-color3),1);\">For athletes <\/span><\/p>\n<\/div>\n<\/div>\n<\/div>\n<\/div>\n<p><a class=\"brz-a brz-container-link\" href=\"https:\/\/montenegrinamci.me\/wp-content\/uploads\/2025\/10\/za-sportiste_TUE-proces-1.docx\" target=\"_blank\" rel=\"noopener noreferrer\" data-brz-link-type=\"upload\"><\/a><\/div>\n<div class=\"brz-columns brz-css-6lrfuc brz-css-15fbrbg\" data-brz-custom-id=\"jCE4xo4Htxqz\">\n<div class=\"brz-column__items brz-css-19890sr brz-css-1fdjbog\">\n<div id=\"\" class=\"brz-css-1huxvnf brz-css-2ynlig brz-wrapper\">\n<div class=\"brz-image brz-css-14yocve brz-css-1dgne6k\" data-brz-custom-id=\"e9Bw67Xx4ARM\"><picture class=\"brz-picture brz-d-block brz-p-relative brz-css-1oest95 brz-css-fb92sp\"><source srcset=\"https:\/\/montenegrinamci.me\/wp-content\/uploads\/2025\/10\/freepik__talk__77111.png 1x, https:\/\/montenegrinamci.me\/wp-content\/uploads\/2025\/10\/freepik__talk__77111.png 2x\" media=\"(min-width: 992px)\"><source srcset=\"https:\/\/montenegrinamci.me\/wp-content\/uploads\/2025\/10\/freepik__talk__77111.png 1x, https:\/\/montenegrinamci.me\/wp-content\/uploads\/2025\/10\/freepik__talk__77111.png 2x\" media=\"(min-width: 768px)\"><img decoding=\"async\" class=\"brz-img\" srcset=\"https:\/\/montenegrinamci.me\/wp-content\/uploads\/2025\/10\/freepik__talk__77111.png 1x, https:\/\/montenegrinamci.me\/wp-content\/uploads\/2025\/10\/freepik__talk__77111.png 2x\" src=\"https:\/\/montenegrinamci.me\/wp-content\/uploads\/2025\/10\/freepik__talk__77111.png\" loading=\"lazy\" alt=\"\" title=\"freepik__talk__77111\" draggable=\"false\"><\/picture><\/div>\n<\/div>\n<div id=\"\" class=\"brz-css-1huxvnf brz-css-19f13fx brz-wrapper\">\n<div class=\"brz-rich-text brz-rich-text__custom brz-css-1gmjlez brz-css-159mbu0\" data-brz-custom-id=\"eDBaUg10Bh9k\">\n<div data-brz-translate-text=\"1\">\n<p class=\"brz-text-lg-center brz-fss-lg-px brz-fw-lg-300 brz-ls-lg-0 brz-lh-lg-1_7 brz-vfw-lg-400 brz-fwdth-lg-100 brz-fsft-lg-0 brz-tp-lg-empty brz-ff-montserrat brz-ft-google brz-fs-lg-40 brz-css-mHCFK\" data-uniq-id=\"g5bau\" data-generated-css=\"brz-css-vCA3F\"><span class=\"brz-cp-color3\" style=\"color: rgba(var(--brz-global-color3),1);\">Login<\/span><\/p>\n<\/div>\n<\/div>\n<\/div>\n<\/div>\n<p><a class=\"brz-a brz-container-link\" href=\"https:\/\/montenegrinamci.me\/wp-content\/uploads\/2025\/10\/TUE_obrazac-za-prijavu.docx\" target=\"_blank\" rel=\"noopener noreferrer\" data-brz-link-type=\"upload\"><\/a><\/div>\n<\/div>\n<\/div>\n<\/div>\n<\/div>\n<\/section><\/div>\n<p><!-- version:1761517321 --><\/p>","protected":false},"excerpt":{"rendered":"<p>Izuze\u0107a u terapijske svrhe Izuze\u0107a u terapijske svrhe (TUE) dozvoljavaju sportistima i sportistkinjama kori\u0161\u0107enja pojedinih supstanci i\/ili metoda sa Liste zabranjenih sredstava za teku\u0107u godinu, u cil\u0458u lije\u010denja odre\u0111enih bolesti i medicinskih stanja. Upotreba zabranjenih supstanci i\/ili metoda koje se nalaze na Listi zabranjenih sredstava, odnosno izuze\u0107e u terapijske svrhe (TUE), mo\u017ee se odobriti u [&hellip;]<\/p>","protected":false},"author":1,"featured_media":0,"parent":0,"menu_order":0,"comment_status":"closed","ping_status":"closed","template":"brizy-blank-template.php","meta":{"footnotes":""},"class_list":["post-378","page","type-page","status-publish","hentry"],"brizy_media":[{"id":382,"url":"https:\/\/montenegrinamci.me\/wp-content\/uploads\/2025\/10\/freepik__talk__77110.png","name":"freepik__talk__77110.png","meta":{"brizy_attachment_uid":"wp-7f759a180322b4554488608db60a023e.png","brizy_post_uid":["dcf3ee3608301f1601eccdfdbbe89e26"]}},{"id":383,"url":"https:\/\/montenegrinamci.me\/wp-content\/uploads\/2025\/10\/freepik__talk__77111.png","name":"freepik__talk__77111.png","meta":{"brizy_attachment_uid":"wp-04e475a4b3bc72a61e45288d1ef8c9be.png","brizy_post_uid":["dcf3ee3608301f1601eccdfdbbe89e26"]}}],"_links":{"self":[{"href":"https:\/\/montenegrinamci.me\/en\/wp-json\/wp\/v2\/pages\/378","targetHints":{"allow":["GET"]}}],"collection":[{"href":"https:\/\/montenegrinamci.me\/en\/wp-json\/wp\/v2\/pages"}],"about":[{"href":"https:\/\/montenegrinamci.me\/en\/wp-json\/wp\/v2\/types\/page"}],"author":[{"embeddable":true,"href":"https:\/\/montenegrinamci.me\/en\/wp-json\/wp\/v2\/users\/1"}],"replies":[{"embeddable":true,"href":"https:\/\/montenegrinamci.me\/en\/wp-json\/wp\/v2\/comments?post=378"}],"version-history":[{"count":5,"href":"https:\/\/montenegrinamci.me\/en\/wp-json\/wp\/v2\/pages\/378\/revisions"}],"predecessor-version":[{"id":596,"href":"https:\/\/montenegrinamci.me\/en\/wp-json\/wp\/v2\/pages\/378\/revisions\/596"}],"wp:attachment":[{"href":"https:\/\/montenegrinamci.me\/en\/wp-json\/wp\/v2\/media?parent=378"}],"curies":[{"name":"wp","href":"https:\/\/api.w.org\/{rel}","templated":true}]}}