{"id":364,"date":"2025-10-24T00:05:00","date_gmt":"2025-10-24T00:05:00","guid":{"rendered":"https:\/\/montenegrinamci.me\/?page_id=364"},"modified":"2025-10-26T22:19:19","modified_gmt":"2025-10-26T22:19:19","slug":"edukacije","status":"publish","type":"page","link":"https:\/\/montenegrinamci.me\/en\/edukacije\/","title":{"rendered":"Education"},"content":{"rendered":"<div class=\"brz brz-root__container brz-reset-all brz-root__container-page\" >\n<section id=\"yHAZrvQiEG8X_yHAZrvQiEG8X\" class=\"brz-section brz-css-h0efmp brz-css-110bs00\">\n<div class=\"brz-section__content brz-section--boxed brz-css-59weyf brz-css-1deh0t3\" data-brz-custom-id=\"dls904Qt9_fX\">\n<div class=\"brz-bg\">\n<div class=\"brz-bg-image\"><\/div>\n<div class=\"brz-bg-color\"><\/div>\n<\/div>\n<div class=\"brz-container brz-css-1o1aaps brz-css-oxvkd0\">\n<div id=\"\" class=\"brz-css-hevlvr brz-css-wyh06p brz-wrapper\">\n<div class=\"brz-rich-text brz-rich-text__custom brz-css-1whkb4t brz-css-15s1j0k\" data-brz-custom-id=\"xp_TIoaT5FlN\">\n<div data-brz-translate-text=\"1\">\n<p class=\"brz-tp-lg-empty brz-ff-montserrat brz-ft-google brz-fs-lg-40 brz-fss-lg-px brz-fw-lg-300 brz-ls-lg-0 brz-lh-lg-1_7 brz-vfw-lg-400 brz-fwdth-lg-100 brz-fsft-lg-0 brz-css-ddf2w\" data-uniq-id=\"n7B7g\" data-generated-css=\"brz-css-zJBAy\"><span style=\"color: rgba(var(--brz-global-color3),1);\" class=\"brz-cp-color3\">Education<\/span><\/p>\n<\/div>\n<\/div>\n<\/div>\n<\/div>\n<\/div>\n<\/section>\n<section id=\"q_erj1XaYJAr_q_erj1XaYJAr\" class=\"brz-section brz-css-1471ppg brz-css-1igx3h6\">\n<div class=\"brz-section__content brz-section--boxed brz-css-yo45sq brz-css-15at0ea\" data-brz-custom-id=\"nChudgCQV6yT\">\n<div class=\"brz-bg\">\n<div class=\"brz-bg-color\"><\/div>\n<\/div>\n<div class=\"brz-container brz-css-1hswk75 brz-css-1tfm2kk\">\n<div id=\"\" class=\"brz-css-17xz9pe brz-css-l5tryp brz-wrapper\">\n<div class=\"brz-rich-text brz-rich-text__custom brz-css-18qy5uu brz-css-71yo57\" data-brz-custom-id=\"gPMbwsoD1N4C\">\n<div data-brz-translate-text=\"1\">\n<p class=\"brz-ft-google brz-fs-lg-18 brz-fss-lg-px brz-fw-lg-400 brz-ls-lg-0 brz-lh-lg-1_7 brz-vfw-lg-400 brz-fwdth-lg-100 brz-fsft-lg-0 brz-tp-lg-empty brz-ff-montserrat brz-css-hItd9\" data-uniq-id=\"cjCkX\" data-generated-css=\"brz-css-ojQCe\"><span class=\"brz-cp-color2\" style=\"color: rgba(var(--brz-global-color2),1);\">In order to protect clean sport, the health of athletes and their integrity, education plays an essential role. The preventive importance of education in relation to punishment after violating anti-doping rules is unquestionable. The ethical component of anti-doping activities makes educational activities even more significant. Target groups can be representatives of sports federations, athletes {international and national level}, RTG athletes, members of supporting medical teams, doping controllers, students, primary and secondary school students, media representatives, and many others, who are brought closer to the importance of anti-doping through educational activities.<\/span><\/p>\n<p class=\"brz-ft-google brz-fs-lg-18 brz-fss-lg-px brz-fw-lg-400 brz-ls-lg-0 brz-lh-lg-1_7 brz-vfw-lg-400 brz-fwdth-lg-100 brz-fsft-lg-0 brz-tp-lg-empty brz-ff-montserrat brz-css-twgLq\" data-uniq-id=\"bBoUm\" data-generated-css=\"brz-css-zMulI\"><span class=\"brz-cp-color2\" style=\"color: rgba(var(--brz-global-color2),1);\">There are many ways to educate, besides classic lectures - we can also educate ourselves, using relevant anti-doping websites, e-learning options, and mobile phone applications.<\/span><\/p>\n<\/div>\n<\/div>\n<\/div>\n<div id=\"\" class=\"brz-css-17xz9pe brz-css-1l0ifjj brz-css-320p1n brz-wrapper\">\n<div class=\"brz-spacer brz-css-14811g7 brz-css-18ds5sk\"><\/div>\n<\/div>\n<div class=\"brz-row__container brz-css-1xvg9zh brz-css-jw1z4z\" data-brz-custom-id=\"hYCeHYHKmv2e\">\n<div class=\"brz-row brz-css-1rt47vn brz-css-1mqgzm7\">\n<div class=\"brz-columns brz-css-7p6bq3 brz-css-josvz7\" data-brz-custom-id=\"wz1lhUQiA1FH\">\n<div class=\"brz-column__items brz-css-5i0vqq brz-css-m0zlhd\">\n<div id=\"\" class=\"brz-css-17xz9pe brz-css-1uizptv brz-wrapper\">\n<div class=\"brz-image brz-css-1jpja2a brz-css-a08ev9\" data-brz-custom-id=\"up4Ffd1DxPPY\"><picture class=\"brz-picture brz-d-block brz-p-relative brz-css-ke0xn0 brz-css-11h80fc\"><source srcset=\"https:\/\/montenegrinamci.me\/wp-content\/uploads\/2025\/10\/concept-medical-education-with-book-stethoscope-1-scaled.jpg 1x, https:\/\/montenegrinamci.me\/wp-content\/uploads\/2025\/10\/concept-medical-education-with-book-stethoscope-1-scaled.jpg 2x\" media=\"(min-width: 992px)\"><source srcset=\"https:\/\/montenegrinamci.me\/wp-content\/uploads\/2025\/10\/concept-medical-education-with-book-stethoscope-1-scaled.jpg 1x, https:\/\/montenegrinamci.me\/wp-content\/uploads\/2025\/10\/concept-medical-education-with-book-stethoscope-1-scaled.jpg 2x\" media=\"(min-width: 768px)\"><img decoding=\"async\" class=\"brz-img\" srcset=\"https:\/\/montenegrinamci.me\/wp-content\/uploads\/2025\/10\/concept-medical-education-with-book-stethoscope-1-scaled.jpg 1x, https:\/\/montenegrinamci.me\/wp-content\/uploads\/2025\/10\/concept-medical-education-with-book-stethoscope-1-scaled.jpg 2x\" src=\"https:\/\/montenegrinamci.me\/wp-content\/uploads\/2025\/10\/concept-medical-education-with-book-stethoscope-1-scaled.jpg\" loading=\"lazy\" alt=\"\" title=\"Concept of medical education with book and stethoscope\" draggable=\"false\"><\/picture><\/div>\n<\/div>\n<div id=\"\" class=\"brz-css-17xz9pe brz-css-btoeb1 brz-wrapper\">\n<div class=\"brz-rich-text brz-rich-text__custom brz-css-18qy5uu brz-css-wa4lys\" data-brz-custom-id=\"rOaQlEPGRK7T\">\n<div data-brz-translate-text=\"1\">\n<p class=\"brz-text-lg-center brz-tp-lg-empty brz-ff-montserrat brz-ft-google brz-fs-lg-20 brz-fss-lg-px brz-fw-lg-400 brz-ls-lg-0 brz-lh-lg-1_7 brz-vfw-lg-400 brz-fwdth-lg-100 brz-fsft-lg-0 brz-css-fCWUN\" data-generated-css=\"brz-css-xrFuc\" data-uniq-id=\"adxM_\"><span class=\"brz-cp-color3 brz-span\" style=\"color: rgba(var(--brz-global-color3),1); background-color: rgba(255, 255, 255, 0);\">Educational activities of the commission<\/span><\/p>\n<\/div>\n<\/div>\n<\/div>\n<\/div>\n<\/div>\n<div class=\"brz-columns brz-css-7p6bq3 brz-css-1q9xunm\" data-brz-custom-id=\"g8h1xWpGt_Nb\">\n<div class=\"brz-column__items brz-css-5i0vqq brz-css-1eezqm7\">\n<div id=\"\" class=\"brz-css-17xz9pe brz-css-ilu051 brz-wrapper\">\n<div class=\"brz-image brz-css-dul0va brz-css-1r35akg\" data-brz-custom-id=\"k2ovVjaHhpU6\"><picture class=\"brz-picture brz-d-block brz-p-relative brz-css-1vt4jdk brz-css-4n9do1\"><source srcset=\"https:\/\/montenegrinamci.me\/wp-content\/uploads\/brizy\/imgs\/ADEL-170x170.jpg-212x212x0x0x212x212x1761264980.webp 1x, https:\/\/montenegrinamci.me\/wp-content\/uploads\/brizy\/imgs\/ADEL-170x170.jpg-424x424x0x0x424x424x1761264980.webp 2x\" media=\"(min-width: 992px)\"><source srcset=\"https:\/\/montenegrinamci.me\/?brizy_media=wp-e051feca8f74769bfd00e2ccedbab0fc.webp&amp;brizy_crop=iW%3D135%26iH%3D135%26oX%3D0%26oY%3D0%26cW%3D135%26cH%3D135 1x, https:\/\/montenegrinamci.me\/?brizy_media=wp-e051feca8f74769bfd00e2ccedbab0fc.webp&amp;brizy_crop=iW%3D270%26iH%3D270%26oX%3D0%26oY%3D0%26cW%3D270%26cH%3D270 2x\" media=\"(min-width: 768px)\"><img decoding=\"async\" class=\"brz-img\" srcset=\"https:\/\/montenegrinamci.me\/?brizy_media=wp-e051feca8f74769bfd00e2ccedbab0fc.webp&amp;brizy_crop=iW%3D258%26iH%3D258%26oX%3D0%26oY%3D0%26cW%3D258%26cH%3D258 1x, https:\/\/montenegrinamci.me\/?brizy_media=wp-e051feca8f74769bfd00e2ccedbab0fc.webp&amp;brizy_crop=iW%3D516%26iH%3D516%26oX%3D0%26oY%3D0%26cW%3D516%26cH%3D516 2x\" src=\"https:\/\/montenegrinamci.me\/wp-content\/uploads\/brizy\/imgs\/ADEL-170x170.jpg-212x212x0x0x212x212x1761264980.webp\" loading=\"lazy\" alt=\"\" title=\"ADEL-170x170.jpg\" draggable=\"false\"><\/picture><\/div>\n<\/div>\n<div id=\"\" class=\"brz-css-17xz9pe brz-css-1yggu5n brz-wrapper\">\n<div class=\"brz-rich-text brz-rich-text__custom brz-css-18qy5uu brz-css-1dli5ji\" data-brz-custom-id=\"p_SIMZ5IKC1B\">\n<div data-brz-translate-text=\"1\">\n<p class=\"brz-text-lg-center brz-ft-google brz-fs-lg-20 brz-fss-lg-px brz-fw-lg-400 brz-ls-lg-0 brz-lh-lg-1_7 brz-vfw-lg-400 brz-fwdth-lg-100 brz-fsft-lg-0 brz-tp-lg-empty brz-ff-montserrat brz-css-gDo0q\" data-generated-css=\"brz-css-hSZhm\" data-uniq-id=\"kpXYq\"><span class=\"brz-cp-color3\" style=\"color: rgba(var(--brz-global-color3),1);\">WADA anti-doping e-learning platform<\/span><\/p>\n<p class=\"brz-fsft-lg-0 brz-fwdth-lg-100 brz-vfw-lg-400 brz-lh-lg-1_7 brz-ls-lg-0 brz-fw-lg-300 brz-fss-lg-px brz-fs-lg-25 brz-ft-google brz-ff-teko brz-tp-lg-empty brz-css-ph0a0\" data-generated-css=\"brz-css-zmVqg\" data-uniq-id=\"l9Gu_\"><\/p>\n<\/div>\n<\/div>\n<\/div>\n<\/div>\n<\/div>\n<div class=\"brz-columns brz-css-7p6bq3 brz-css-1wuk0az\" data-brz-custom-id=\"dpKpn5dnl7vq\">\n<div class=\"brz-column__items brz-css-5i0vqq brz-css-zlewoz\">\n<div id=\"\" class=\"brz-css-17xz9pe brz-css-13zuve8 brz-wrapper\">\n<div class=\"brz-image brz-css-8zyryx brz-css-3ur4pv\" data-brz-custom-id=\"o9IFvKOlMk32\"><picture class=\"brz-picture brz-d-block brz-p-relative brz-css-fpwvv9 brz-css-1jh80is\"><source srcset=\"https:\/\/montenegrinamci.me\/wp-content\/uploads\/2025\/10\/midsection-woman-using-phone-while-sitting-table-scaled.jpg 1x, https:\/\/montenegrinamci.me\/wp-content\/uploads\/2025\/10\/midsection-woman-using-phone-while-sitting-table-scaled.jpg 2x\" media=\"(min-width: 992px)\"><source srcset=\"https:\/\/montenegrinamci.me\/wp-content\/uploads\/2025\/10\/midsection-woman-using-phone-while-sitting-table-scaled.jpg 1x, https:\/\/montenegrinamci.me\/wp-content\/uploads\/2025\/10\/midsection-woman-using-phone-while-sitting-table-scaled.jpg 2x\" media=\"(min-width: 768px)\"><img decoding=\"async\" class=\"brz-img\" srcset=\"https:\/\/montenegrinamci.me\/wp-content\/uploads\/2025\/10\/midsection-woman-using-phone-while-sitting-table-scaled.jpg 1x, https:\/\/montenegrinamci.me\/wp-content\/uploads\/2025\/10\/midsection-woman-using-phone-while-sitting-table-scaled.jpg 2x\" src=\"https:\/\/montenegrinamci.me\/wp-content\/uploads\/2025\/10\/midsection-woman-using-phone-while-sitting-table-scaled.jpg\" loading=\"lazy\" alt=\"\" title=\"beautiful young woman with molecular model\" draggable=\"false\"><\/picture><\/div>\n<\/div>\n<div id=\"\" class=\"brz-css-17xz9pe brz-css-o7o0dl brz-wrapper\">\n<div class=\"brz-rich-text brz-rich-text__custom brz-css-18qy5uu brz-css-1xigl2h\" data-brz-custom-id=\"o24CbHeK_x64\">\n<div data-brz-translate-text=\"1\">\n<p class=\"brz-text-lg-center brz-ft-google brz-fs-lg-20 brz-fss-lg-px brz-fw-lg-400 brz-ls-lg-0 brz-lh-lg-1_7 brz-vfw-lg-400 brz-fwdth-lg-100 brz-fsft-lg-0 brz-tp-lg-empty brz-ff-montserrat brz-css-cjM8P\" data-generated-css=\"brz-css-mtmR5\" data-uniq-id=\"e6sNd\"><span class=\"brz-cp-color3\" style=\"color: rgba(var(--brz-global-color3),1);\">Anti-doping self-education<\/span><\/p>\n<\/div>\n<\/div>\n<\/div>\n<\/div>\n<\/div>\n<\/div>\n<\/div>\n<\/div>\n<\/div>\n<\/section><\/div>\n<p><!-- version:1761517159 --><\/p>","protected":false},"excerpt":{"rendered":"<p>Edukacija U&nbsp;cilju za\u0161tite \u010distog sporta, za\u0161tite zdravlja sportista i njihovog integriteta, edukacija ima esencijalnu ulogu. Preventivni zna\u010daj edukacije u odnosu na ka\u017enjavanje nakon kr\u0161enja antidoping pravila je nesumnjiv. Eti\u010dka komponenta antidoping aktivnosti \u010dini edukativne aktivnosti jo\u0161 zna\u010dajnijim. Ciljne grupe mogu biti predstavnici sportskih saveza, sportisti {me\u0111unarodnog i nacionalnog nivoa}, sportisti RTG, \u010dlanovi prate\u0107ih medicinskih timova, [&hellip;]<\/p>","protected":false},"author":1,"featured_media":0,"parent":0,"menu_order":0,"comment_status":"closed","ping_status":"closed","template":"brizy-blank-template.php","meta":{"footnotes":""},"class_list":["post-364","page","type-page","status-publish","hentry"],"brizy_media":[{"id":371,"url":"https:\/\/montenegrinamci.me\/wp-content\/uploads\/2025\/10\/concept-medical-education-with-book-stethoscope-1-scaled.jpg","name":"concept-medical-education-with-book-stethoscope-1.jpg","meta":{"brizy_attachment_uid":"wp-ec86aeefbb60e0dba473506300393441.jpg","brizy_post_uid":["cca4795dccdbaa8295248f7c3592a3c2"]}},{"id":373,"url":"https:\/\/montenegrinamci.me\/wp-content\/uploads\/2025\/10\/ADEL-170x170.jpg.webp","name":"ADEL-170x170.jpg.webp","meta":{"brizy_attachment_uid":"wp-e051feca8f74769bfd00e2ccedbab0fc.webp","brizy_post_uid":["cca4795dccdbaa8295248f7c3592a3c2"]}},{"id":374,"url":"https:\/\/montenegrinamci.me\/wp-content\/uploads\/2025\/10\/midsection-woman-using-phone-while-sitting-table-scaled.jpg","name":"midsection-woman-using-phone-while-sitting-table.jpg","meta":{"brizy_attachment_uid":"wp-6530d91132c41142d8e1d1d516580dc7.jpg","brizy_post_uid":["cca4795dccdbaa8295248f7c3592a3c2"]}}],"_links":{"self":[{"href":"https:\/\/montenegrinamci.me\/en\/wp-json\/wp\/v2\/pages\/364","targetHints":{"allow":["GET"]}}],"collection":[{"href":"https:\/\/montenegrinamci.me\/en\/wp-json\/wp\/v2\/pages"}],"about":[{"href":"https:\/\/montenegrinamci.me\/en\/wp-json\/wp\/v2\/types\/page"}],"author":[{"embeddable":true,"href":"https:\/\/montenegrinamci.me\/en\/wp-json\/wp\/v2\/users\/1"}],"replies":[{"embeddable":true,"href":"https:\/\/montenegrinamci.me\/en\/wp-json\/wp\/v2\/comments?post=364"}],"version-history":[{"count":5,"href":"https:\/\/montenegrinamci.me\/en\/wp-json\/wp\/v2\/pages\/364\/revisions"}],"predecessor-version":[{"id":586,"href":"https:\/\/montenegrinamci.me\/en\/wp-json\/wp\/v2\/pages\/364\/revisions\/586"}],"wp:attachment":[{"href":"https:\/\/montenegrinamci.me\/en\/wp-json\/wp\/v2\/media?parent=364"}],"curies":[{"name":"wp","href":"https:\/\/api.w.org\/{rel}","templated":true}]}}