{"id":356,"date":"2025-10-23T23:55:15","date_gmt":"2025-10-23T23:55:15","guid":{"rendered":"https:\/\/montenegrinamci.me\/?page_id=356"},"modified":"2025-10-26T22:18:05","modified_gmt":"2025-10-26T22:18:05","slug":"doping-kontrola","status":"publish","type":"page","link":"https:\/\/montenegrinamci.me\/en\/doping-kontrola\/","title":{"rendered":"Doping control"},"content":{"rendered":"<div class=\"brz brz-root__container brz-reset-all brz-root__container-page\" >\n<section id=\"zpszpMmjAjVU_zpszpMmjAjVU\" class=\"brz-section brz-css-aaedtq brz-css-1d0oasa\">\n<div class=\"brz-section__content brz-section--boxed brz-css-fewg8e brz-css-r5h3re\" data-brz-custom-id=\"d865508DqxJx\">\n<div class=\"brz-bg\">\n<div class=\"brz-bg-image\"><\/div>\n<div class=\"brz-bg-color\"><\/div>\n<\/div>\n<div class=\"brz-container brz-css-ihe5fq brz-css-sah1ah\">\n<div id=\"\" class=\"brz-css-12rzqiq brz-css-1rx4ae1 brz-wrapper\">\n<div class=\"brz-rich-text brz-rich-text__custom brz-css-1i2wopt brz-css-1bhvujr\" data-brz-custom-id=\"sI7F5O0P4Sm7\">\n<div data-brz-translate-text=\"1\">\n<p class=\"brz-tp-lg-empty brz-ff-montserrat brz-ft-google brz-fs-lg-40 brz-fss-lg-px brz-fw-lg-300 brz-ls-lg-0 brz-lh-lg-1_7 brz-vfw-lg-400 brz-fwdth-lg-100 brz-fsft-lg-0 brz-css-wc98e\" data-generated-css=\"brz-css-apwHQ\" data-uniq-id=\"qO68k\"><span style=\"color: rgba(var(--brz-global-color3),1);\" class=\"brz-cp-color3\">Doping control<\/span><\/p>\n<\/div>\n<\/div>\n<\/div>\n<\/div>\n<\/div>\n<\/section>\n<section id=\"v3fzE2F5KE97_v3fzE2F5KE97\" class=\"brz-section brz-css-wlridw brz-css-19b054\">\n<div class=\"brz-section__content brz-section--boxed brz-css-1t0btn9 brz-css-1anxqoy\" data-brz-custom-id=\"yNwW495cDeZz\">\n<div class=\"brz-bg\">\n<div class=\"brz-bg-color\"><\/div>\n<\/div>\n<div class=\"brz-container brz-css-bfrr1o brz-css-qfza50\">\n<div id=\"\" class=\"brz-css-6xxtgz brz-css-iccus3 brz-wrapper\">\n<div class=\"brz-rich-text brz-rich-text__custom brz-css-tq2rlq brz-css-1n90a3i\" data-brz-custom-id=\"oFmujk8uMxtR\">\n<div data-brz-translate-text=\"1\">\n<p class=\"brz-fss-lg-px brz-fw-lg-400 brz-ls-lg-0 brz-lh-lg-1_7 brz-vfw-lg-400 brz-fwdth-lg-100 brz-fsft-lg-0 brz-tp-lg-empty brz-ff-montserrat brz-ft-google brz-fs-lg-18 brz-css-jHJ4V\" data-uniq-id=\"cZxxG\" data-generated-css=\"brz-css-luUzk\"><span class=\"brz-cp-color2\" style=\"color: rgba(var(--brz-global-color2),1);\">Doping controls of athletes for the presence of substances that are prohibited due to their properties to enhance sports performance in an unethical manner, violating fair play and the integrity of sport, are a way of promoting clean sport and the spirit of competition. Doping controls can be carried out in competition, as well as out of competition. The doping control procedure is precisely regulated. Certain athletes must provide their location information in order to be available for out-of-competition doping controls.<\/span><\/p>\n<p class=\"brz-fss-lg-px brz-fw-lg-400 brz-ls-lg-0 brz-lh-lg-1_7 brz-vfw-lg-400 brz-fwdth-lg-100 brz-fsft-lg-0 brz-tp-lg-empty brz-ff-montserrat brz-ft-google brz-fs-lg-18 brz-css-ojmDn\" data-uniq-id=\"hiUxS\" data-generated-css=\"brz-css-iljqw\"><span class=\"brz-cp-color2\" style=\"color: rgba(var(--brz-global-color2),1);\"> <\/span><\/p>\n<p class=\"brz-fss-lg-px brz-fw-lg-400 brz-ls-lg-0 brz-lh-lg-1_7 brz-vfw-lg-400 brz-fwdth-lg-100 brz-fsft-lg-0 brz-tp-lg-empty brz-ff-montserrat brz-ft-google brz-fs-lg-18 brz-css-w3XfA\" data-uniq-id=\"rZxLb\" data-generated-css=\"brz-css-eUh0z\"><span class=\"brz-cp-color2\" style=\"color: rgba(var(--brz-global-color2),1);\">An active part of the fight against doping is the doping controller. The doping controller plays a vital role during doping control and the process of collecting an athlete&#039;s sample. In order to ensure good and consistent quality of work, systematic training of controllers and monitors is required, along with accreditation, following the WADA International Standard for Testing and Investigations. Doping controllers are extremely important for protecting the right of every athlete to compete in doping-free sport.&nbsp;&nbsp;&nbsp;&nbsp;<\/span><\/p>\n<p class=\"brz-fss-lg-px brz-fw-lg-400 brz-ls-lg-0 brz-lh-lg-1_7 brz-vfw-lg-400 brz-fwdth-lg-100 brz-fsft-lg-0 brz-tp-lg-empty brz-ff-montserrat brz-ft-google brz-fs-lg-18 brz-css-iuFQO\" data-uniq-id=\"qGzkE\" data-generated-css=\"brz-css-s5GDK\"><span class=\"brz-cp-color2\" style=\"color: rgba(var(--brz-global-color2),1);\"> <\/span><\/p>\n<p class=\"brz-fss-lg-px brz-fw-lg-400 brz-ls-lg-0 brz-lh-lg-1_7 brz-vfw-lg-400 brz-fwdth-lg-100 brz-fsft-lg-0 brz-tp-lg-empty brz-ff-montserrat brz-ft-google brz-fs-lg-18 brz-css-s87ex\" data-uniq-id=\"ntFzp\" data-generated-css=\"brz-css-p4rfc\"><span class=\"brz-cp-color2\" style=\"color: rgba(var(--brz-global-color2),1);\">Anti-doping rules are presented in the WADA Code, and as such accepted in Montenegro. The WADA Code ensures that all athletes are observed through the same rules and standards during testing in order to harmonize the process between anti-doping organizations around the world.<\/span><\/p>\n<\/div>\n<\/div>\n<\/div>\n<\/div>\n<\/div>\n<\/section><\/div>\n<p><!-- version:1761517085 --><\/p>","protected":false},"excerpt":{"rendered":"<p>Doping kontrola Doping kontrole sportista na prisustvo supstanci koje su zabranjene zbog svojih osobina da poja\u010davaju sportske performanse na neeti\u010dki na\u010din, naru\u0161avaju\u0107i fer-plej i integritet sporta, predstavljaju na\u010din promocije \u010distog sporta i takmi\u010darskog duha. Doping kontrole se mogu sprovoditi na takmi\u010denju, kao i van takmi\u010denja. Postupak doping kontrole je precizno regulisan. Odre\u0111eni sportisti moraju da [&hellip;]<\/p>","protected":false},"author":1,"featured_media":0,"parent":0,"menu_order":0,"comment_status":"closed","ping_status":"closed","template":"brizy-blank-template.php","meta":{"footnotes":""},"class_list":["post-356","page","type-page","status-publish","hentry"],"brizy_media":[{"id":360,"url":"https:\/\/montenegrinamci.me\/wp-content\/uploads\/2025\/10\/modern-sport-composition-with-gym-elements-scaled.jpg","name":"modern-sport-composition-with-gym-elements.jpg","meta":{"brizy_attachment_uid":"wp-ec4ef79891216faf4a1fd6db8e267842.jpg","brizy_post_uid":["f85de10530633f5dc3086cd385f27114"]}}],"_links":{"self":[{"href":"https:\/\/montenegrinamci.me\/en\/wp-json\/wp\/v2\/pages\/356","targetHints":{"allow":["GET"]}}],"collection":[{"href":"https:\/\/montenegrinamci.me\/en\/wp-json\/wp\/v2\/pages"}],"about":[{"href":"https:\/\/montenegrinamci.me\/en\/wp-json\/wp\/v2\/types\/page"}],"author":[{"embeddable":true,"href":"https:\/\/montenegrinamci.me\/en\/wp-json\/wp\/v2\/users\/1"}],"replies":[{"embeddable":true,"href":"https:\/\/montenegrinamci.me\/en\/wp-json\/wp\/v2\/comments?post=356"}],"version-history":[{"count":4,"href":"https:\/\/montenegrinamci.me\/en\/wp-json\/wp\/v2\/pages\/356\/revisions"}],"predecessor-version":[{"id":584,"href":"https:\/\/montenegrinamci.me\/en\/wp-json\/wp\/v2\/pages\/356\/revisions\/584"}],"wp:attachment":[{"href":"https:\/\/montenegrinamci.me\/en\/wp-json\/wp\/v2\/media?parent=356"}],"curies":[{"name":"wp","href":"https:\/\/api.w.org\/{rel}","templated":true}]}}