{"id":151,"date":"2025-09-25T01:02:11","date_gmt":"2025-09-25T01:02:11","guid":{"rendered":"https:\/\/montenegrinamci.me\/?page_id=151"},"modified":"2025-10-26T21:45:32","modified_gmt":"2025-10-26T21:45:32","slug":"kontakt","status":"publish","type":"page","link":"https:\/\/montenegrinamci.me\/en\/kontakt\/","title":{"rendered":"Contact"},"content":{"rendered":"<div class=\"brz brz-root__container brz-reset-all brz-root__container-page\" >\n<section id=\"zWp5aW0rC4Eq_zWp5aW0rC4Eq\" class=\"brz-section brz-css-eyjoj4 brz-css-n2m6vq\">\n<div class=\"brz-section__content brz-section--boxed brz-css-160aq4z brz-css-10qk5mm\" data-brz-custom-id=\"kR1keSq4yKil\">\n<div class=\"brz-bg\">\n<div class=\"brz-bg-image\"><\/div>\n<div class=\"brz-bg-color\"><\/div>\n<\/div>\n<div class=\"brz-container brz-css-chmgqr brz-css-f869ei\">\n<div id=\"\" class=\"brz-css-1duhnn3 brz-css-1w6a8e3 brz-css-ma7wd6 brz-wrapper\">\n<div class=\"brz-spacer brz-css-g8k3ey brz-css-68zzmb\"><\/div>\n<\/div>\n<\/div>\n<\/div>\n<\/section>\n<section id=\"enUirgSWXhif_enUirgSWXhif\" class=\"brz-section brz-css-11um9rp brz-css-1a27g5i\">\n<div class=\"brz-section__content brz-section--boxed brz-css-1nrjt2h brz-css-1ygt5m6\" data-brz-custom-id=\"kWSyFgM3YycY\">\n<div class=\"brz-bg\">\n<div class=\"brz-bg-color\"><\/div>\n<\/div>\n<div class=\"brz-container brz-css-cy9dcb brz-css-1txrois\">\n<div class=\"brz-row__container brz-css-1qdwgdz brz-css-435c2i\" data-brz-custom-id=\"sP5GBMEWwdti\">\n<div class=\"brz-row brz-css-xz3dhp brz-css-11dgd1n brz-css-11ys266\">\n<div class=\"brz-columns brz-css-158n6ue brz-css-yar5an\" data-brz-custom-id=\"joVPVEDx2gIC\">\n<div class=\"brz-column__items brz-css-4bolg4 brz-css-1gc23bn\">\n<div class=\"brz-wrapper-clone brz-flex-xs-wrap brz-css-1byyljk brz-css-19xrumw\" data-brz-custom-id=\"jXUeJqbMwtIY\">\n<div class=\"brz-icon__container\" data-brz-custom-id=\"f5QsoZswvDCZ\"><span class=\"brz-icon brz-span brz-css-1k89etc brz-css-11ojdnu\"><svg class=\"brz-icon-svg align-[initial]\"><use href=\"\/wp-content\/plugins\/brizy\/public\/editor-build\/prod\/editor\/icons\/glyph\/phone-call.svg#nc_icon\"><\/use><\/svg><\/span><\/div>\n<\/div>\n<div id=\"\" class=\"brz-css-cbsylg brz-css-5foa00 brz-css-sq1yur brz-wrapper\">\n<div class=\"brz-spacer brz-css-10p8lvg brz-css-jwqz9p\"><\/div>\n<\/div>\n<div id=\"\" class=\"brz-css-cbsylg brz-css-nz2ztg brz-wrapper\">\n<div class=\"brz-rich-text brz-rich-text__custom brz-css-1uv2ns1 brz-css-12uap94\" data-brz-custom-id=\"iwmwE2HAMGPp\">\n<div data-brz-translate-text=\"1\">\n<p class=\"brz-text-lg-center brz-fss-lg-px brz-fw-lg-500 brz-ls-lg-0 brz-lh-lg-1_6 brz-vfw-lg-400 brz-fwdth-lg-100 brz-fsft-lg-0 brz-tp-lg-empty brz-ff-montserrat brz-ft-google brz-fs-lg-20 brz-css-fHuqw\" data-uniq-id=\"vckwq\" data-generated-css=\"brz-css-zlDJz\"><a class=\"link--external brz-cp-color7\" style=\"color: rgba(var(--brz-global-color7),1);\" href=\"tel: +382 20 665 600\" data-brz-link-type=\"external\" target=\"_blank\" rel=\"noreferrer noopener\">+382 20 665 600<\/a><\/p>\n<\/div>\n<\/div>\n<\/div>\n<\/div>\n<\/div>\n<div class=\"brz-columns brz-css-158n6ue brz-css-1kmcz43\" data-brz-custom-id=\"onjNT7ZiUIqO\">\n<div class=\"brz-bg\"><\/div>\n<div class=\"brz-column__items brz-css-4bolg4 brz-css-1c02qns\">\n<div class=\"brz-wrapper-clone brz-flex-xs-wrap brz-css-1byyljk brz-css-r7vvai\" data-brz-custom-id=\"iFclFIvPVvrO\">\n<div class=\"brz-icon__container\" data-brz-custom-id=\"uFglXcnn7yif\"><span class=\"brz-icon brz-span brz-css-1k89etc brz-css-9hwnrq\"><svg class=\"brz-icon-svg align-[initial]\"><use href=\"\/wp-content\/plugins\/brizy\/public\/editor-build\/prod\/editor\/icons\/glyph\/email-83.svg#nc_icon\"><\/use><\/svg><\/span><\/div>\n<\/div>\n<div id=\"\" class=\"brz-css-cbsylg brz-css-5foa00 brz-css-1c1dzd1 brz-wrapper\">\n<div class=\"brz-spacer brz-css-10p8lvg brz-css-15pj39l\"><\/div>\n<\/div>\n<div id=\"\" class=\"brz-css-cbsylg brz-css-1ilgmvh brz-wrapper\">\n<div class=\"brz-rich-text brz-rich-text__custom brz-css-1uv2ns1 brz-css-wd79uv\" data-brz-custom-id=\"tnzPr4tgQZFA\">\n<div data-brz-translate-text=\"1\">\n<p class=\"brz-text-lg-center brz-fss-lg-px brz-fw-lg-500 brz-ls-lg-0 brz-lh-lg-1_6 brz-vfw-lg-400 brz-fwdth-lg-100 brz-fsft-lg-0 brz-tp-lg-empty brz-ff-montserrat brz-ft-google brz-fs-lg-20 brz-css-wyPcM\" data-uniq-id=\"xzZ9r\" data-generated-css=\"brz-css-lOtF2\"><a class=\"link--external brz-cp-color7\" style=\"color: rgba(var(--brz-global-color7),1);\" href=\"mail: info@anti-doping.me\" data-brz-link-type=\"external\" target=\"_blank\" rel=\"noreferrer noopener\">info@anti-doping.me<\/a><\/p>\n<\/div>\n<\/div>\n<\/div>\n<\/div>\n<\/div>\n<div class=\"brz-columns brz-css-158n6ue brz-css-dc2vtd\" data-brz-custom-id=\"xnXmJaQrhgEY\">\n<div class=\"brz-column__items brz-css-4bolg4 brz-css-1ttoob9\">\n<div class=\"brz-wrapper-clone brz-flex-xs-wrap brz-css-1byyljk brz-css-boweqf\" data-brz-custom-id=\"xcrIw_y4Pb00\">\n<div class=\"brz-icon__container\" data-brz-custom-id=\"vpmX3te0tK3j\"><span class=\"brz-icon brz-span brz-css-1k89etc brz-css-1n0b6hg\"><svg class=\"brz-icon-svg align-[initial]\"><use href=\"\/wp-content\/plugins\/brizy\/public\/editor-build\/prod\/editor\/icons\/glyph\/pin-3.svg#nc_icon\"><\/use><\/svg><\/span><\/div>\n<\/div>\n<div id=\"\" class=\"brz-css-cbsylg brz-css-5foa00 brz-css-h147kr brz-wrapper\">\n<div class=\"brz-spacer brz-css-10p8lvg brz-css-3gbe5a\"><\/div>\n<\/div>\n<div id=\"\" class=\"brz-css-cbsylg brz-css-b2951o brz-wrapper\">\n<div class=\"brz-rich-text brz-rich-text__custom brz-css-1uv2ns1 brz-css-llcqof\" data-brz-custom-id=\"fyrsbo4yvKvM\">\n<div data-brz-translate-text=\"1\">\n<p class=\"brz-text-lg-center brz-fss-lg-px brz-fw-lg-500 brz-ls-lg-0 brz-lh-lg-1_6 brz-vfw-lg-400 brz-fwdth-lg-100 brz-fsft-lg-0 brz-tp-lg-empty brz-ff-montserrat brz-ft-google brz-fs-lg-20 brz-css-aURad\" data-generated-css=\"brz-css-zYajK\" data-uniq-id=\"e3COb\"><a class=\"link--external brz-cp-color7\" style=\"background-color: rgba(64, 69, 75, 0); color: rgba(var(--brz-global-color7),1);\" href=\"https:\/\/www.google.com\/maps\/search\/?api=1&amp;query=Ul.+Vaka+\u0110urovi\u0107a+20\/1,+81000+Podgorica,+Crna+Gora\" data-brz-link-type=\"external\" target=\"_blank\" rel=\"noreferrer noopener\">Ul. Vaka \u0110urovi\u0107a 20\/1, 81000 Podgorica, Crna Gora<\/a><\/p>\n<\/div>\n<\/div>\n<\/div>\n<\/div>\n<\/div>\n<\/div>\n<\/div>\n<\/div>\n<\/div>\n<\/section>\n<section id=\"mSREsZ6PVCOe_mSREsZ6PVCOe\" class=\"brz-section brz-css-z8cth8 brz-css-ggnv0h\">\n<div class=\"brz-section__content brz-section--boxed brz-css-1omhg3q brz-css-telz2u\" data-brz-custom-id=\"utn5Xda1XjI8\">\n<div class=\"brz-bg\">\n<div class=\"brz-bg-color\"><\/div>\n<\/div>\n<div class=\"brz-container brz-css-1qd45gi brz-css-1yrs7q\">\n<div id=\"\" class=\"brz-css-1dy1i88 brz-css-1owlqck brz-wrapper\">\n<div class=\"brz-rich-text brz-rich-text__custom brz-css-njtn33 brz-css-1904hkl\" data-brz-custom-id=\"gghDNxzq7wi_\">\n<div data-brz-translate-text=\"1\">\n<p class=\"brz-text-lg-center brz-tp-lg-empty brz-ff-montserrat brz-ft-google brz-fs-lg-40 brz-fss-lg-px brz-fw-lg-500 brz-ls-lg-m_1_5 brz-lh-lg-1_2 brz-vfw-lg-400 brz-fwdth-lg-100 brz-fsft-lg-0 brz-css-ghOSA\" data-uniq-id=\"y83Ba\" data-generated-css=\"brz-css-mXhgB\"><span style=\"color: rgba(var(--brz-global-color8),1);\" class=\"brz-cp-color8\">Za sva va\u0161a pitanja mo\u017eete popuniti formular<\/span><\/p>\n<\/div>\n<\/div>\n<\/div>\n<div id=\"\" class=\"brz-css-1dy1i88 brz-css-1xm6r0a brz-css-1hneq89 brz-wrapper\">\n<div class=\"brz-spacer brz-css-xl0ydv brz-css-1dqzf9a\"><\/div>\n<\/div>\n<div id=\"\" class=\"brz-css-1dy1i88 brz-css-92i7ep brz-wrapper\">\n<div data-brz-form-version=\"2\" class=\"brz-forms2 brz-css-13bm33k brz-css-131jjaj\" data-brz-custom-id=\"r5ajRgcgiEhS\">\n<form class=\"brz-form brz-d-xs-flex brz-flex-xs-wrap\" novalidate=\"\" action=\"https:\/\/montenegrinamci.me\/wp-admin\/admin-ajax.php?nonce=f781a67749&amp;action=brizy_submit_form\" data-brz-form-id=\"r5ajRgcgiEhS\" data-brz-project-id=\"dc84e795055b7e0840a45b2995d1626a\" data-brz-success=\"\" data-brz-error=\"\" data-brz-redirect=\"\" data-brz-empty=\"\" data-brz-form-type=\"default\" data-brz-translatable-default-success=\"Your email was sent successfully\" data-brz-translatable-default-error=\"Your email was not sent\" data-brz-translatable-default-empty=\"Please fill in the required fields\" data-brz-translatable-default-invalid=\"Please check your entry and try again\" data-brz-translatable-default-invalid-email=\"Please enter a valid email address (e.g., name@example.com)\">\n<div data-brz-translate-text=\"1\" class=\"brz-forms2__item brz-css-1nfpsg2 brz-css-1bg53sf brz-css-1goxj22 brz-css-1pjxt92\"><input type=\"text\" id=\"nACAaPGwQQZn_c9ecf9b7cc3e2a91917b\" name=\"y_3YiNlx8KH5\" placeholder=\"Va\u0161e ime i prezime\" required=\"\" data-brz-type=\"Text\" data-brz-label=\"Va\u0161e ime i prezime\" data-brz-placeholder=\"Va\u0161e ime i prezime\" class=\"brz-input brz-forms2__field brz-forms2__field-text\" value=\"\"><\/div>\n<div data-brz-translate-text=\"1\" class=\"brz-forms2__item brz-css-1nfpsg2 brz-css-1bg53sf brz-css-1goxj22 brz-css-uhempf\"><input type=\"email\" id=\"jZJlxIa1dqZj_bf399eb386cbdb2ca2e9\" name=\"afeCyPxZuIV2\" placeholder=\"Email address\" required=\"\" pattern=\"%5E((%5B%5E%3C%3E%5C(%5C)%5C%5B%5C%5D%5C%5C.,;:%5Cs@%22%5D+(%5C.%5B%5E%3C%3E%5C(%5C)%5C%5B%5C%5D%5C%5C.,;:%5Cs@%22%5D+)*)%7C(%22.+%22))@((%5C%5B%5B0-9%5D%7B1,3%7D%5C.%5B0-9%5D%7B1,3%7D%5C.%5B0-9%5D%7B1,3%7D%5C.%5B0-9%5D%7B1,3%7D%5C%5D)%7C((%5Ba-zA-Z%5C-0-9%5D+%5C.)+%5Ba-zA-Z%5D%7B2,%7D))$\" data-brz-type=\"Email\" data-brz-label=\"Email adresa\" data-brz-placeholder=\"Email adresa\" maxlength=\"255\" class=\"brz-input brz-forms2__field brz-forms2__field-email\" value=\"\"><\/div>\n<div data-brz-translate-text=\"1\" class=\"brz-forms2__item brz-css-1nfpsg2 brz-css-1bg53sf brz-css-1goxj22 brz-css-1v9a210\"><input type=\"email\" id=\"jRJfvI8GWUZR_bcf573cac234c987468f\" name=\"xKnAkv0h8ZeY\" placeholder=\"Kontakt telefon\" required=\"\" pattern=\"%5E((%5B%5E%3C%3E%5C(%5C)%5C%5B%5C%5D%5C%5C.,;:%5Cs@%22%5D+(%5C.%5B%5E%3C%3E%5C(%5C)%5C%5B%5C%5D%5C%5C.,;:%5Cs@%22%5D+)*)%7C(%22.+%22))@((%5C%5B%5B0-9%5D%7B1,3%7D%5C.%5B0-9%5D%7B1,3%7D%5C.%5B0-9%5D%7B1,3%7D%5C.%5B0-9%5D%7B1,3%7D%5C%5D)%7C((%5Ba-zA-Z%5C-0-9%5D+%5C.)+%5Ba-zA-Z%5D%7B2,%7D))$\" data-brz-type=\"Email\" data-brz-label=\"Kontakt telefon\" data-brz-placeholder=\"Kontakt telefon\" maxlength=\"255\" class=\"brz-input brz-forms2__field brz-forms2__field-email\" value=\"\"><\/div>\n<div data-brz-translate-text=\"1\" class=\"brz-forms2__item brz-css-1nfpsg2 brz-css-1bg53sf brz-css-1goxj22 brz-css-6yrpd8\"><input type=\"email\" id=\"jSCF1j0Wh1XT_92cd140937c9fea365be\" name=\"kom6E2tJ4Dc1\" placeholder=\"Predmet\" required=\"\" pattern=\"%5E((%5B%5E%3C%3E%5C(%5C)%5C%5B%5C%5D%5C%5C.,;:%5Cs@%22%5D+(%5C.%5B%5E%3C%3E%5C(%5C)%5C%5B%5C%5D%5C%5C.,;:%5Cs@%22%5D+)*)%7C(%22.+%22))@((%5C%5B%5B0-9%5D%7B1,3%7D%5C.%5B0-9%5D%7B1,3%7D%5C.%5B0-9%5D%7B1,3%7D%5C.%5B0-9%5D%7B1,3%7D%5C%5D)%7C((%5Ba-zA-Z%5C-0-9%5D+%5C.)+%5Ba-zA-Z%5D%7B2,%7D))$\" data-brz-type=\"Email\" data-brz-label=\"Predmet\" data-brz-placeholder=\"Predmet\" maxlength=\"255\" class=\"brz-input brz-forms2__field brz-forms2__field-email\" value=\"\"><\/div>\n<div data-brz-translate-text=\"1\" class=\"brz-forms2__item brz-css-1nfpsg2 brz-css-1bg53sf brz-css-1goxj22 brz-css-e3vj57\"><textarea id=\"i11MajV119Dl_823a00bc314a37bd1583\" name=\"bIErc9xWrLXM\" placeholder=\"Napi\u0161ite poruku\" data-brz-type=\"Paragraph\" data-brz-label=\"Napi\u0161ite poruku\" data-brz-placeholder=\"Napi\u0161ite poruku\" class=\"brz-textarea brz-forms2__field brz-forms2__field-paragraph\"><\/textarea><\/div>\n<div class=\"brz-forms2 brz-forms2__item brz-forms2__item-button\" data-brz-custom-id=\"r5ajRgcgiEhS\"><button class=\"brz-btn brz-btn-submit brz-css-u31d3a brz-css-3ceeo5\" data-brz-custom-id=\"y_jEJcqURd1F\"><span data-brz-translate-text=\"1\" class=\"brz-span brz-text__editor\">Send<\/span><\/button><svg class=\"brz-icon-svg align-[initial] brz-form-spinner brz-invisible brz-ed-animated--spin\"><use href=\"\/wp-content\/plugins\/brizy\/public\/editor-build\/prod\/editor\/icons\/glyph\/circle-02.svg#nc_icon\"><\/use><\/svg><\/div>\n<div class=\"brz-g-recaptcha\" data-sitekey=\"\" data-size=\"invisible\" data-callback=\"brzFormV2Captcha\"><\/div>\n<\/form>\n<\/div>\n<\/div>\n<\/div>\n<\/div>\n<\/section><\/div>\n<p><!-- version:1761515132 --><\/p>","protected":false},"excerpt":{"rendered":"<p>+382 20 665 600 info@anti-doping.me Ul. Vaka \u0110urovi\u0107a 20\/1, 81000 Podgorica, Crna Gora Za sva va\u0161a pitanja mo\u017eete popuniti formular Po\u0161aljite<\/p>","protected":false},"author":1,"featured_media":0,"parent":0,"menu_order":0,"comment_status":"closed","ping_status":"closed","template":"brizy-blank-template.php","meta":{"footnotes":""},"class_list":["post-151","page","type-page","status-publish","hentry"],"brizy_media":[{"id":142,"url":"https:\/\/montenegrinamci.me\/wp-content\/uploads\/2025\/09\/cropped-hands-scientist-with-test-tube-using-laptop-table-laboratory-scaled.jpg","name":"cropped-hands-scientist-with-test-tube-using-laptop-table-laboratory.jpg","meta":{"brizy_attachment_uid":"wp-86f1ff7cb072a82fd651cb638f754c34.jpg","brizy_post_uid":["cc46349a0bdd7df996aeb0ec16169460","4c8ee8407f59acf9c4c0caafb95b35b1","af5f76cd6cc025baffcfc0a1d5579e95","69ac6f778eb2d78ce14e9e2f9939379e"]}}],"_links":{"self":[{"href":"https:\/\/montenegrinamci.me\/en\/wp-json\/wp\/v2\/pages\/151","targetHints":{"allow":["GET"]}}],"collection":[{"href":"https:\/\/montenegrinamci.me\/en\/wp-json\/wp\/v2\/pages"}],"about":[{"href":"https:\/\/montenegrinamci.me\/en\/wp-json\/wp\/v2\/types\/page"}],"author":[{"embeddable":true,"href":"https:\/\/montenegrinamci.me\/en\/wp-json\/wp\/v2\/users\/1"}],"replies":[{"embeddable":true,"href":"https:\/\/montenegrinamci.me\/en\/wp-json\/wp\/v2\/comments?post=151"}],"version-history":[{"count":5,"href":"https:\/\/montenegrinamci.me\/en\/wp-json\/wp\/v2\/pages\/151\/revisions"}],"predecessor-version":[{"id":544,"href":"https:\/\/montenegrinamci.me\/en\/wp-json\/wp\/v2\/pages\/151\/revisions\/544"}],"wp:attachment":[{"href":"https:\/\/montenegrinamci.me\/en\/wp-json\/wp\/v2\/media?parent=151"}],"curies":[{"name":"wp","href":"https:\/\/api.w.org\/{rel}","templated":true}]}}