{"id":118,"date":"2025-09-21T22:39:45","date_gmt":"2025-09-21T22:39:45","guid":{"rendered":"https:\/\/montenegrinamci.me\/?page_id=118"},"modified":"2025-10-26T22:02:02","modified_gmt":"2025-10-26T22:02:02","slug":"vijesti","status":"publish","type":"page","link":"https:\/\/montenegrinamci.me\/en\/vijesti\/","title":{"rendered":"News"},"content":{"rendered":"<div class=\"brz brz-root__container brz-reset-all brz-root__container-page\" >\n<section id=\"kvqQJk2kXsYa_kvqQJk2kXsYa\" class=\"brz-section brz-css-kdyyrh brz-css-w291la\">\n<div class=\"brz-section__content brz-section--boxed brz-css-1mfss8 brz-css-1416vn4\" data-brz-custom-id=\"tZ9IrOyGZ4Zl\">\n<div class=\"brz-bg\">\n<div class=\"brz-bg-image\"><\/div>\n<\/div>\n<div class=\"brz-container brz-css-o1urav brz-css-1vd1e5q\">\n<div id=\"\" class=\"brz-css-16yldtd brz-css-1w24ub6 brz-css-12vztrl brz-wrapper\">\n<div class=\"brz-spacer brz-css-1oui8kr brz-css-ngawp8\"><\/div>\n<\/div>\n<\/div>\n<\/div>\n<\/section>\n<section id=\"oW3c5qRtXNdv_oW3c5qRtXNdv\" class=\"brz-section brz-css-h4phbg brz-css-ecg28x\">\n<div class=\"brz-section__content brz-section--boxed brz-css-1k0zhok brz-css-szuj2m\" data-brz-custom-id=\"tJpTkF38Mea4\">\n<div class=\"brz-bg\">\n<div class=\"brz-bg-color\"><\/div>\n<\/div>\n<div class=\"brz-container brz-css-k5cx8u brz-css-1gueayz\">\n<div id=\"\" class=\"brz-css-q7fo2f brz-css-18qyi2p brz-css-1hfhrm0 brz-wrapper\">\n<div class=\"brz-posts brz-css-1yolni3 brz-css-192tygt\" data-brz-custom-id=\"zSdoR14iAFxH\">\n<div class=\"brz-posts__wrapper\">\n<div class=\"brz-posts__item\">\n<div class=\"brz-columns brz-css-1whnkt1 brz-css-1on41sf brz-css-18s1lag\" data-brz-custom-id=\"zWYZ99cFAKTg\">\n<div class=\"brz-column__items brz-css-uiz81b brz-css-1xjukbd\">\n<div id=\"\" class=\"brz-css-q7fo2f brz-css-1xo0aj0 brz-wrapper\">\n<div class=\"brz-image brz-css-fohfs3 brz-css-8500l6\" data-brz-custom-id=\"gbtthISnQ0hP\"><picture class=\"brz-picture brz-d-block brz-p-relative brz-css-1fue1gd brz-css-qf6lgn\"><source srcset=\"https:\/\/montenegrinamci.me\/wp-content\/uploads\/brizy\/imgs\/featured_4x3_800x600_photo-350x263x0x0x350x263x1761262960.png 1x, https:\/\/montenegrinamci.me\/wp-content\/uploads\/brizy\/imgs\/featured_4x3_800x600_photo-701x526x0x0x700x526x1761262960.png 2x\" media=\"(min-width: 992px)\"><source srcset=\"https:\/\/montenegrinamci.me\/?brizy_media=352&#038;brizy_crop=iW%3D354%26iH%3D266%26oX%3D0%26oY%3D0%26cW%3D354%26cH%3D266 1x, https:\/\/montenegrinamci.me\/?brizy_media=352&#038;brizy_crop=iW%3D709%26iH%3D532%26oX%3D0%26oY%3D0%26cW%3D708%26cH%3D532 2x\" media=\"(min-width: 768px)\"><img decoding=\"async\" class=\"brz-img\" srcset=\"https:\/\/montenegrinamci.me\/wp-content\/uploads\/brizy\/imgs\/featured_4x3_800x600_photo-430x323x0x0x430x323x1761262960.png 1x, https:\/\/montenegrinamci.me\/wp-content\/uploads\/brizy\/imgs\/featured_4x3_800x600_photo-861x646x0x0x860x646x1761262960.png 2x\" src=\"https:\/\/montenegrinamci.me\/wp-content\/uploads\/brizy\/imgs\/featured_4x3_800x600_photo-350x263x0x0x350x263x1761262960.png\" loading=\"lazy\" alt=\"\" title=\"featured_4x3_800x600_photo\" draggable=\"false\"><\/picture><\/div>\n<\/div>\n<div id=\"\" class=\"brz-css-q7fo2f brz-css-103zula brz-wrapper\">\n<div class=\"brz-wp-title brz-css-mdm6nj brz-css-1hku3fk brz-css-c687tf\" data-brz-custom-id=\"kFoEmmq_aliz\"><span class=\"brz-wp-title-content\" style=\"min-height:20px\">Visit of the Director of ADA BiH to the Anti-Doping Commission of Montenegro<\/span><\/div>\n<\/div>\n<div id=\"\" class=\"brz-css-q7fo2f brz-css-slxypc brz-wrapper\">\n<div class=\"brz-wp-post-excerpt brz-css-1vn8boz brz-css-rnclq7 brz-css-gmcqcx\" data-brz-custom-id=\"x2iPErUu0iOi\"><span class=\"brz-wp-post-excerpt-content\" style=\"min-height:20px\">Danas je kancelariju Komisije za antidoping Crne Gore posjetio direktor Agencije za antidoping kontrolu Bosne i Hercegovine (ADA BiH), g. Nikola \u010ci\u010da.Tokom sastanka sa direktoricom Komisije, Nedom Ojdani\u0107, razmijenjena su iskustva vezana za sprovo\u0111enje antidoping procedura, prakti\u010dni dio kontrola, kao i primjenu pravila u antidopingu. Razgovarano je i o na\u010dinima na koje se mo\u017ee dodatno razvijati svijest sportista o zna\u010daju fer-pleja, o\u010duvanju njihovog integriteta i za\u0161titi integriteta sporta u cjelini.Posebno je nagla\u0161ena va\u017enost bliske saradnje koju nacionalne antidoping agencije i komisije njeguju sa Svjetskom antidoping agencijom (WADA), \u0161to omogu\u0107ava jedinstven i uskla\u0111en sistem na globalnom nivou. Tako\u0111e, istaknuto je da [&hellip;]<\/span><\/div>\n<\/div>\n<div class=\"brz-wrapper-clone brz-flex-xs-wrap brz-css-9yt8p5 brz-css-1ufzuuj\" data-brz-custom-id=\"pW_GZT4BMdLo\"><a class=\"brz-a brz-btn brz-css-1l7lkl1 brz-css-lropc0 brz-css-7vu17q brz-css-11nhxs7 brz-css-7moffz\" href=\"https:\/\/montenegrinamci.me\/index.php\/2025\/09\/19\/hello-world\/\" target=\"_self\" rel=\"noopener\" data-brz-link-type=\"external\" data-brz-custom-id=\"jtMkzIKhYpzc\"><svg class=\"brz-icon-svg align-[initial] brz-css-l6w4ti brz-css-1ddkpaf\"><use href=\"\/wp-content\/plugins\/brizy\/public\/editor-build\/prod\/editor\/icons\/glyph\/tail-right.svg#nc_icon\"><\/use><\/svg><span data-brz-translate-text=\"1\" class=\"brz-span brz-text__editor\">Read more<\/span><\/a><\/div>\n<\/div>\n<\/div>\n<\/div>\n<div class=\"brz-posts__item\">\n<div class=\"brz-columns brz-css-1whnkt1 brz-css-1on41sf brz-css-18s1lag\" data-brz-custom-id=\"zWYZ99cFAKTg\">\n<div class=\"brz-column__items brz-css-uiz81b brz-css-1xjukbd\">\n<div id=\"\" class=\"brz-css-q7fo2f brz-css-1xo0aj0 brz-wrapper\">\n<div class=\"brz-image brz-css-fohfs3 brz-css-8500l6\" data-brz-custom-id=\"gbtthISnQ0hP\"><picture class=\"brz-picture brz-d-block brz-p-relative brz-css-1fue1gd brz-css-qf6lgn\"><source srcset=\"https:\/\/montenegrinamci.me\/wp-content\/uploads\/brizy\/imgs\/featured_4x3_800x600-350x263x0x0x350x263x1761262694.png 1x, https:\/\/montenegrinamci.me\/wp-content\/uploads\/brizy\/imgs\/featured_4x3_800x600-701x526x0x0x700x526x1761262694.png 2x\" media=\"(min-width: 992px)\"><source srcset=\"https:\/\/montenegrinamci.me\/?brizy_media=351&#038;brizy_crop=iW%3D354%26iH%3D266%26oX%3D0%26oY%3D0%26cW%3D354%26cH%3D266 1x, https:\/\/montenegrinamci.me\/?brizy_media=351&#038;brizy_crop=iW%3D709%26iH%3D532%26oX%3D0%26oY%3D0%26cW%3D708%26cH%3D532 2x\" media=\"(min-width: 768px)\"><img decoding=\"async\" class=\"brz-img\" srcset=\"https:\/\/montenegrinamci.me\/wp-content\/uploads\/brizy\/imgs\/featured_4x3_800x600-430x323x0x0x430x323x1761262694.png 1x, https:\/\/montenegrinamci.me\/wp-content\/uploads\/brizy\/imgs\/featured_4x3_800x600-861x646x0x0x860x646x1761262694.png 2x\" src=\"https:\/\/montenegrinamci.me\/wp-content\/uploads\/brizy\/imgs\/featured_4x3_800x600-350x263x0x0x350x263x1761262694.png\" loading=\"lazy\" alt=\"\" title=\"featured_4x3_800x600\" draggable=\"false\"><\/picture><\/div>\n<\/div>\n<div id=\"\" class=\"brz-css-q7fo2f brz-css-103zula brz-wrapper\">\n<div class=\"brz-wp-title brz-css-mdm6nj brz-css-1hku3fk brz-css-c687tf\" data-brz-custom-id=\"kFoEmmq_aliz\"><span class=\"brz-wp-title-content\" style=\"min-height:20px\">The Anti-Doping Commission of Montenegro visited the offices of the Anti-Doping Service of the Republic of Croatia<\/span><\/div>\n<\/div>\n<div id=\"\" class=\"brz-css-q7fo2f brz-css-slxypc brz-wrapper\">\n<div class=\"brz-wp-post-excerpt brz-css-1vn8boz brz-css-rnclq7 brz-css-gmcqcx\" data-brz-custom-id=\"x2iPErUu0iOi\"><span class=\"brz-wp-post-excerpt-content\" style=\"min-height:20px\">Predstavnik Komisije za antidoping Crne Gore, Zoran Markovi\u0107, posjetio je kancelarije Slu\u017ebe za antidoping Republike Hrvatske, gdje se sastao sa direktorom Romanom Latinovi\u0107em i koleginicom Snje\u017eanom Karlo.Tokom susreta razmijenjena su iskustva vezana za antidoping procedure i svakodnevnu praksu u radu, a posebna pa\u017enja posve\u0107ena je ja\u010danju saradnje i razmjeni znanja izme\u0111u dvije institucije.Ova posjeta predstavlja jo\u0161 jedan va\u017ean korak u unapre\u0111enju me\u0111unarodne saradnje u oblasti borbe protiv dopinga u sportu.<\/span><\/div>\n<\/div>\n<div class=\"brz-wrapper-clone brz-flex-xs-wrap brz-css-9yt8p5 brz-css-1ufzuuj\" data-brz-custom-id=\"pW_GZT4BMdLo\"><a class=\"brz-a brz-btn brz-css-1l7lkl1 brz-css-lropc0 brz-css-7vu17q brz-css-11nhxs7 brz-css-7moffz\" href=\"https:\/\/montenegrinamci.me\/index.php\/2021\/12\/07\/komisija\/\" target=\"_self\" rel=\"noopener\" data-brz-link-type=\"external\" data-brz-custom-id=\"jtMkzIKhYpzc\"><svg class=\"brz-icon-svg align-[initial] brz-css-l6w4ti brz-css-1ddkpaf\"><use href=\"\/wp-content\/plugins\/brizy\/public\/editor-build\/prod\/editor\/icons\/glyph\/tail-right.svg#nc_icon\"><\/use><\/svg><span data-brz-translate-text=\"1\" class=\"brz-span brz-text__editor\">Read more<\/span><\/a><\/div>\n<\/div>\n<\/div>\n<\/div>\n<\/div>\n<\/div>\n<\/div>\n<\/div>\n<\/div>\n<\/section><\/div>\n<p><!-- version:1761516122 --><\/p>","protected":false},"excerpt":{"rendered":"<p>Posjeta direktora ADA BiH Komisiji za antidoping Crne Gore Danas je kancelariju Komisije za antidoping Crne Gore posjetio direktor Agencije za antidoping kontrolu Bosne i Hercegovine (ADA BiH), g. Nikola \u010ci\u010da.Tokom sastanka sa direktoricom Komisije, Nedom Ojdani\u0107, razmijenjena su iskustva vezana za sprovo\u0111enje antidoping procedura, prakti\u010dni dio kontrola, kao i primjenu pravila u antidopingu. Razgovarano [&hellip;]<\/p>","protected":false},"author":1,"featured_media":0,"parent":0,"menu_order":0,"comment_status":"closed","ping_status":"closed","template":"brizy-blank-template.php","meta":{"footnotes":""},"class_list":["post-118","page","type-page","status-publish","hentry"],"brizy_media":[{"id":309,"url":"https:\/\/montenegrinamci.me\/wp-content\/uploads\/2025\/10\/closeup-bulletin-board-covered-colorful-fliers-posters-scaled.jpg","name":"closeup-bulletin-board-covered-colorful-fliers-posters.jpg","meta":{"brizy_attachment_uid":"wp-9230eaeef2b21b0fcd1a0de6bfe9c25b.jpg","brizy_post_uid":["2dc1e51d57ee2dfceb5dc83717aa872e"]}}],"_links":{"self":[{"href":"https:\/\/montenegrinamci.me\/en\/wp-json\/wp\/v2\/pages\/118","targetHints":{"allow":["GET"]}}],"collection":[{"href":"https:\/\/montenegrinamci.me\/en\/wp-json\/wp\/v2\/pages"}],"about":[{"href":"https:\/\/montenegrinamci.me\/en\/wp-json\/wp\/v2\/types\/page"}],"author":[{"embeddable":true,"href":"https:\/\/montenegrinamci.me\/en\/wp-json\/wp\/v2\/users\/1"}],"replies":[{"embeddable":true,"href":"https:\/\/montenegrinamci.me\/en\/wp-json\/wp\/v2\/comments?post=118"}],"version-history":[{"count":5,"href":"https:\/\/montenegrinamci.me\/en\/wp-json\/wp\/v2\/pages\/118\/revisions"}],"predecessor-version":[{"id":571,"href":"https:\/\/montenegrinamci.me\/en\/wp-json\/wp\/v2\/pages\/118\/revisions\/571"}],"wp:attachment":[{"href":"https:\/\/montenegrinamci.me\/en\/wp-json\/wp\/v2\/media?parent=118"}],"curies":[{"name":"wp","href":"https:\/\/api.w.org\/{rel}","templated":true}]}}